{"id":72,"date":"2017-01-04T09:34:29","date_gmt":"2017-01-04T09:34:29","guid":{"rendered":"http:\/\/33a4b7a57288598749e1fd58451a206ece846184.web10.temporaryurl.org\/?page_id=72"},"modified":"2020-01-08T10:26:20","modified_gmt":"2020-01-08T10:26:20","slug":"kreativtvaerksted","status":"publish","type":"page","link":"http:\/\/www.stu-ulkeb\u00f8ldam.dk\/?page_id=72","title":{"rendered":"Kreativ v\u00e6rksted"},"content":{"rendered":"<p>I kreativ v\u00e6rkstedet\u00a0l\u00e6rer eleverne at sy p\u00e5 symaskine, Lave reparationer af eget t\u00f8j.<\/p>\n<p>Derudover er der mange andre muligheder i kreativ<\/p>\n<ul>\n<li>male p\u00e5 l\u00e6rred<\/li>\n<li>arbejde med uld<\/li>\n<li>fremstiller smykker<\/li>\n<li>knytter\u00a0 og arbejder med l\u00e6der<\/li>\n<li>Alt sammen noget som kan blive solgt p\u00e5 de markeder vi deltager i, ellers er man velkommen p\u00e5 skolen.<\/li>\n<li>Vi laver ogs\u00e5 \u00e5rstidens dekorationer.<\/li>\n<\/ul>\n<p>Kommer der bestillings opgaver klarer vi ogs\u00e5 dette.<\/p>\n<p><img decoding=\"async\" loading=\"lazy\" class=\"wp-image-568 alignright\" src=\"http:\/\/www.stu-ulkeb\u00f8ldam.dk\/wp-content\/uploads\/2018\/02\/IMG_2871-e1518432533346-225x300.jpg\" alt=\"\" width=\"200\" height=\"267\" srcset=\"http:\/\/www.stu-ulkeb\u00f8ldam.dk\/wp-content\/uploads\/2018\/02\/IMG_2871-e1518432533346-225x300.jpg 225w, http:\/\/www.stu-ulkeb\u00f8ldam.dk\/wp-content\/uploads\/2018\/02\/IMG_2871-e1518432533346-768x1024.jpg 768w\" sizes=\"(max-width: 200px) 100vw, 200px\" \/><\/p>\n<p><img decoding=\"async\" loading=\"lazy\" class=\"wp-image-569 size-medium alignleft\" src=\"http:\/\/www.stu-ulkeb\u00f8ldam.dk\/wp-content\/uploads\/2018\/02\/IMG_2872-300x225.jpg\" alt=\"\" width=\"300\" height=\"225\" srcset=\"http:\/\/www.stu-ulkeb\u00f8ldam.dk\/wp-content\/uploads\/2018\/02\/IMG_2872-300x225.jpg 300w, http:\/\/www.stu-ulkeb\u00f8ldam.dk\/wp-content\/uploads\/2018\/02\/IMG_2872-768x576.jpg 768w, http:\/\/www.stu-ulkeb\u00f8ldam.dk\/wp-content\/uploads\/2018\/02\/IMG_2872-1024x768.jpg 1024w\" sizes=\"(max-width: 300px) 100vw, 300px\" \/><\/p>\n ","protected":false},"excerpt":{"rendered":"<p>I kreativ v\u00e6rkstedet\u00a0l\u00e6rer eleverne at sy p\u00e5 symaskine, Lave reparationer af eget t\u00f8j. Derudover er der mange andre muligheder i kreativ male p\u00e5 l\u00e6rred arbejde med uld fremstiller smykker knytter\u00a0 og arbejder med l\u00e6der Alt sammen noget som kan blive solgt p\u00e5 de markeder vi deltager i, ellers er man velkommen p\u00e5 skolen. Vi laver &hellip; <a href=\"http:\/\/www.stu-ulkeb\u00f8ldam.dk\/?page_id=72\" class=\"more-link\">L\u00e6s videre <span class=\"screen-reader-text\">Kreativ v\u00e6rksted<\/span> <span class=\"meta-nav\">&rarr;<\/span><\/a><\/p>\n","protected":false},"author":1,"featured_media":570,"parent":19,"menu_order":5,"comment_status":"closed","ping_status":"closed","template":"","meta":[],"yoast_head":"<!-- This site is optimized with the Yoast SEO plugin v19.4 - https:\/\/yoast.com\/wordpress\/plugins\/seo\/ -->\n<title>Kreativ v\u00e6rksted - STU-Ulkeb\u00f8ldam<\/title>\n<meta name=\"robots\" content=\"index, follow, max-snippet:-1, max-image-preview:large, max-video-preview:-1\" \/>\n<link rel=\"canonical\" href=\"http:\/\/www.stu-ulkeb\u00f8ldam.dk\/?page_id=72\" \/>\n<meta property=\"og:locale\" content=\"da_DK\" \/>\n<meta property=\"og:type\" content=\"article\" \/>\n<meta property=\"og:title\" content=\"Kreativ v\u00e6rksted - STU-Ulkeb\u00f8ldam\" \/>\n<meta property=\"og:description\" content=\"I kreativ v\u00e6rkstedet\u00a0l\u00e6rer eleverne at sy p\u00e5 symaskine, Lave reparationer af eget t\u00f8j. Derudover er der mange andre muligheder i kreativ male p\u00e5 l\u00e6rred arbejde med uld fremstiller smykker knytter\u00a0 og arbejder med l\u00e6der Alt sammen noget som kan blive solgt p\u00e5 de markeder vi deltager i, ellers er man velkommen p\u00e5 skolen. Vi laver &hellip; L\u00e6s videre Kreativ v\u00e6rksted &rarr;\" \/>\n<meta property=\"og:url\" content=\"http:\/\/www.stu-ulkeb\u00f8ldam.dk\/?page_id=72\" \/>\n<meta property=\"og:site_name\" content=\"STU-Ulkeb\u00f8ldam\" \/>\n<meta property=\"article:publisher\" content=\"https:\/\/www.facebook.com\/groups\/673942635972726\/?fb_dtsg_ag=AdzoCEilAgSGtsBHsmtxuVQO3YB6z-Pa5QD7Rcccj841Qw%3aAdyhV7ar_ltBh-a1YSIPE8AWSyLJVrhmrhn91Vnn_KF1Tw\" \/>\n<meta property=\"article:modified_time\" content=\"2020-01-08T10:26:20+00:00\" \/>\n<meta property=\"og:image\" content=\"http:\/\/www.stu-ulkeb\u00f8ldam.dk\/wp-content\/uploads\/2018\/02\/IMG_2873.jpg\" \/>\n\t<meta property=\"og:image:width\" content=\"4032\" \/>\n\t<meta property=\"og:image:height\" content=\"3024\" \/>\n\t<meta property=\"og:image:type\" content=\"image\/jpeg\" \/>\n<meta name=\"twitter:card\" content=\"summary_large_image\" \/>\n<script type=\"application\/ld+json\" class=\"yoast-schema-graph\">{\"@context\":\"https:\/\/schema.org\",\"@graph\":[{\"@type\":\"Organization\",\"@id\":\"http:\/\/www.stu-ulkeb\u00f8ldam.dk\/#organization\",\"name\":\"STU-Ulkeb\u00f8ldam\",\"url\":\"http:\/\/www.stu-ulkeb\u00f8ldam.dk\/\",\"sameAs\":[\"https:\/\/www.facebook.com\/groups\/673942635972726\/?fb_dtsg_ag=AdzoCEilAgSGtsBHsmtxuVQO3YB6z-Pa5QD7Rcccj841Qw:AdyhV7ar_ltBh-a1YSIPE8AWSyLJVrhmrhn91Vnn_KF1Tw\"],\"logo\":{\"@type\":\"ImageObject\",\"inLanguage\":\"da-DK\",\"@id\":\"http:\/\/www.stu-ulkeb\u00f8ldam.dk\/#\/schema\/logo\/image\/\",\"url\":\"http:\/\/www.stu-ulkeb\u00f8ldam.dk\/wp-content\/uploads\/2018\/01\/IMG_2749.jpg\",\"contentUrl\":\"http:\/\/www.stu-ulkeb\u00f8ldam.dk\/wp-content\/uploads\/2018\/01\/IMG_2749.jpg\",\"width\":4032,\"height\":3024,\"caption\":\"STU-Ulkeb\u00f8ldam\"},\"image\":{\"@id\":\"http:\/\/www.stu-ulkeb\u00f8ldam.dk\/#\/schema\/logo\/image\/\"}},{\"@type\":\"WebSite\",\"@id\":\"http:\/\/www.stu-ulkeb\u00f8ldam.dk\/#website\",\"url\":\"http:\/\/www.stu-ulkeb\u00f8ldam.dk\/\",\"name\":\"STU-Ulkeb\u00f8ldam\",\"description\":\"Unge med s\u00e6rlige behov\",\"publisher\":{\"@id\":\"http:\/\/www.stu-ulkeb\u00f8ldam.dk\/#organization\"},\"potentialAction\":[{\"@type\":\"SearchAction\",\"target\":{\"@type\":\"EntryPoint\",\"urlTemplate\":\"http:\/\/www.stu-ulkeb\u00f8ldam.dk\/?s={search_term_string}\"},\"query-input\":\"required name=search_term_string\"}],\"inLanguage\":\"da-DK\"},{\"@type\":\"WebPage\",\"@id\":\"http:\/\/www.stu-ulkeb\u00f8ldam.dk\/?page_id=72\",\"url\":\"http:\/\/www.stu-ulkeb\u00f8ldam.dk\/?page_id=72\",\"name\":\"Kreativ v\u00e6rksted - STU-Ulkeb\u00f8ldam\",\"isPartOf\":{\"@id\":\"http:\/\/www.stu-ulkeb\u00f8ldam.dk\/#website\"},\"datePublished\":\"2017-01-04T09:34:29+00:00\",\"dateModified\":\"2020-01-08T10:26:20+00:00\",\"breadcrumb\":{\"@id\":\"http:\/\/www.stu-ulkeb\u00f8ldam.dk\/?page_id=72#breadcrumb\"},\"inLanguage\":\"da-DK\",\"potentialAction\":[{\"@type\":\"ReadAction\",\"target\":[\"http:\/\/www.stu-ulkeb\u00f8ldam.dk\/?page_id=72\"]}]},{\"@type\":\"BreadcrumbList\",\"@id\":\"http:\/\/www.stu-ulkeb\u00f8ldam.dk\/?page_id=72#breadcrumb\",\"itemListElement\":[{\"@type\":\"ListItem\",\"position\":1,\"name\":\"Hjem\",\"item\":\"http:\/\/www.stu-ulkeb\u00f8ldam.dk\/\"},{\"@type\":\"ListItem\",\"position\":2,\"name\":\"Skolen\",\"item\":\"http:\/\/www.stu-ulkeb\u00f8ldam.dk\/?page_id=19\"},{\"@type\":\"ListItem\",\"position\":3,\"name\":\"Kreativ v\u00e6rksted\"}]}]}<\/script>\n<!-- \/ Yoast SEO plugin. -->","yoast_head_json":{"title":"Kreativ v\u00e6rksted - STU-Ulkeb\u00f8ldam","robots":{"index":"index","follow":"follow","max-snippet":"max-snippet:-1","max-image-preview":"max-image-preview:large","max-video-preview":"max-video-preview:-1"},"canonical":"http:\/\/www.stu-ulkeb\u00f8ldam.dk\/?page_id=72","og_locale":"da_DK","og_type":"article","og_title":"Kreativ v\u00e6rksted - STU-Ulkeb\u00f8ldam","og_description":"I kreativ v\u00e6rkstedet\u00a0l\u00e6rer eleverne at sy p\u00e5 symaskine, Lave reparationer af eget t\u00f8j. Derudover er der mange andre muligheder i kreativ male p\u00e5 l\u00e6rred arbejde med uld fremstiller smykker knytter\u00a0 og arbejder med l\u00e6der Alt sammen noget som kan blive solgt p\u00e5 de markeder vi deltager i, ellers er man velkommen p\u00e5 skolen. Vi laver &hellip; L\u00e6s videre Kreativ v\u00e6rksted &rarr;","og_url":"http:\/\/www.stu-ulkeb\u00f8ldam.dk\/?page_id=72","og_site_name":"STU-Ulkeb\u00f8ldam","article_publisher":"https:\/\/www.facebook.com\/groups\/673942635972726\/?fb_dtsg_ag=AdzoCEilAgSGtsBHsmtxuVQO3YB6z-Pa5QD7Rcccj841Qw%3aAdyhV7ar_ltBh-a1YSIPE8AWSyLJVrhmrhn91Vnn_KF1Tw","article_modified_time":"2020-01-08T10:26:20+00:00","og_image":[{"width":4032,"height":3024,"url":"http:\/\/www.stu-ulkeb\u00f8ldam.dk\/wp-content\/uploads\/2018\/02\/IMG_2873.jpg","type":"image\/jpeg"}],"twitter_card":"summary_large_image","schema":{"@context":"https:\/\/schema.org","@graph":[{"@type":"Organization","@id":"http:\/\/www.stu-ulkeb\u00f8ldam.dk\/#organization","name":"STU-Ulkeb\u00f8ldam","url":"http:\/\/www.stu-ulkeb\u00f8ldam.dk\/","sameAs":["https:\/\/www.facebook.com\/groups\/673942635972726\/?fb_dtsg_ag=AdzoCEilAgSGtsBHsmtxuVQO3YB6z-Pa5QD7Rcccj841Qw:AdyhV7ar_ltBh-a1YSIPE8AWSyLJVrhmrhn91Vnn_KF1Tw"],"logo":{"@type":"ImageObject","inLanguage":"da-DK","@id":"http:\/\/www.stu-ulkeb\u00f8ldam.dk\/#\/schema\/logo\/image\/","url":"http:\/\/www.stu-ulkeb\u00f8ldam.dk\/wp-content\/uploads\/2018\/01\/IMG_2749.jpg","contentUrl":"http:\/\/www.stu-ulkeb\u00f8ldam.dk\/wp-content\/uploads\/2018\/01\/IMG_2749.jpg","width":4032,"height":3024,"caption":"STU-Ulkeb\u00f8ldam"},"image":{"@id":"http:\/\/www.stu-ulkeb\u00f8ldam.dk\/#\/schema\/logo\/image\/"}},{"@type":"WebSite","@id":"http:\/\/www.stu-ulkeb\u00f8ldam.dk\/#website","url":"http:\/\/www.stu-ulkeb\u00f8ldam.dk\/","name":"STU-Ulkeb\u00f8ldam","description":"Unge med s\u00e6rlige behov","publisher":{"@id":"http:\/\/www.stu-ulkeb\u00f8ldam.dk\/#organization"},"potentialAction":[{"@type":"SearchAction","target":{"@type":"EntryPoint","urlTemplate":"http:\/\/www.stu-ulkeb\u00f8ldam.dk\/?s={search_term_string}"},"query-input":"required name=search_term_string"}],"inLanguage":"da-DK"},{"@type":"WebPage","@id":"http:\/\/www.stu-ulkeb\u00f8ldam.dk\/?page_id=72","url":"http:\/\/www.stu-ulkeb\u00f8ldam.dk\/?page_id=72","name":"Kreativ v\u00e6rksted - STU-Ulkeb\u00f8ldam","isPartOf":{"@id":"http:\/\/www.stu-ulkeb\u00f8ldam.dk\/#website"},"datePublished":"2017-01-04T09:34:29+00:00","dateModified":"2020-01-08T10:26:20+00:00","breadcrumb":{"@id":"http:\/\/www.stu-ulkeb\u00f8ldam.dk\/?page_id=72#breadcrumb"},"inLanguage":"da-DK","potentialAction":[{"@type":"ReadAction","target":["http:\/\/www.stu-ulkeb\u00f8ldam.dk\/?page_id=72"]}]},{"@type":"BreadcrumbList","@id":"http:\/\/www.stu-ulkeb\u00f8ldam.dk\/?page_id=72#breadcrumb","itemListElement":[{"@type":"ListItem","position":1,"name":"Hjem","item":"http:\/\/www.stu-ulkeb\u00f8ldam.dk\/"},{"@type":"ListItem","position":2,"name":"Skolen","item":"http:\/\/www.stu-ulkeb\u00f8ldam.dk\/?page_id=19"},{"@type":"ListItem","position":3,"name":"Kreativ v\u00e6rksted"}]}]}},"_links":{"self":[{"href":"http:\/\/www.stu-ulkeb\u00f8ldam.dk\/index.php?rest_route=\/wp\/v2\/pages\/72"}],"collection":[{"href":"http:\/\/www.stu-ulkeb\u00f8ldam.dk\/index.php?rest_route=\/wp\/v2\/pages"}],"about":[{"href":"http:\/\/www.stu-ulkeb\u00f8ldam.dk\/index.php?rest_route=\/wp\/v2\/types\/page"}],"author":[{"embeddable":true,"href":"http:\/\/www.stu-ulkeb\u00f8ldam.dk\/index.php?rest_route=\/wp\/v2\/users\/1"}],"replies":[{"embeddable":true,"href":"http:\/\/www.stu-ulkeb\u00f8ldam.dk\/index.php?rest_route=%2Fwp%2Fv2%2Fcomments&post=72"}],"version-history":[{"count":16,"href":"http:\/\/www.stu-ulkeb\u00f8ldam.dk\/index.php?rest_route=\/wp\/v2\/pages\/72\/revisions"}],"predecessor-version":[{"id":1375,"href":"http:\/\/www.stu-ulkeb\u00f8ldam.dk\/index.php?rest_route=\/wp\/v2\/pages\/72\/revisions\/1375"}],"up":[{"embeddable":true,"href":"http:\/\/www.stu-ulkeb\u00f8ldam.dk\/index.php?rest_route=\/wp\/v2\/pages\/19"}],"wp:featuredmedia":[{"embeddable":true,"href":"http:\/\/www.stu-ulkeb\u00f8ldam.dk\/index.php?rest_route=\/wp\/v2\/media\/570"}],"wp:attachment":[{"href":"http:\/\/www.stu-ulkeb\u00f8ldam.dk\/index.php?rest_route=%2Fwp%2Fv2%2Fmedia&parent=72"}],"curies":[{"name":"wp","href":"https:\/\/api.w.org\/{rel}","templated":true}]}}