{"id":692,"date":"2018-08-13T12:56:17","date_gmt":"2018-08-13T12:56:17","guid":{"rendered":"http:\/\/www.stu-ulkeb\u00f8ldam.dk\/?page_id=692"},"modified":"2018-08-16T12:29:59","modified_gmt":"2018-08-16T12:29:59","slug":"facebook","status":"publish","type":"page","link":"http:\/\/www.stu-ulkeb\u00f8ldam.dk\/?page_id=692","title":{"rendered":"Facebook"},"content":{"rendered":"<p>Tag et kig p\u00e5 vores Facebook side, som l\u00f8bende bliver opdateret:<\/p>\n<p>&nbsp;<\/p>\n<p>&nbsp;<\/p>\n<p><a href=\"https:\/\/www.facebook.com\/groups\/673942635972726\/\">https:\/\/www.facebook.com\/groups\/673942635972726\/<\/a><\/p>\n<p><img decoding=\"async\" loading=\"lazy\" class=\"size-thumbnail wp-image-700 aligncenter\" src=\"http:\/\/www.stu-ulkeb\u00f8ldam.dk\/wp-content\/uploads\/2018\/08\/Facebook_icon_2013.svg_-150x150.png\" alt=\"\" width=\"150\" height=\"150\" srcset=\"http:\/\/www.stu-ulkeb\u00f8ldam.dk\/wp-content\/uploads\/2018\/08\/Facebook_icon_2013.svg_-150x150.png 150w, http:\/\/www.stu-ulkeb\u00f8ldam.dk\/wp-content\/uploads\/2018\/08\/Facebook_icon_2013.svg_-300x300.png 300w, http:\/\/www.stu-ulkeb\u00f8ldam.dk\/wp-content\/uploads\/2018\/08\/Facebook_icon_2013.svg_-768x768.png 768w, http:\/\/www.stu-ulkeb\u00f8ldam.dk\/wp-content\/uploads\/2018\/08\/Facebook_icon_2013.svg_-1024x1024.png 1024w, http:\/\/www.stu-ulkeb\u00f8ldam.dk\/wp-content\/uploads\/2018\/08\/Facebook_icon_2013.svg_.png 2000w\" sizes=\"(max-width: 150px) 100vw, 150px\" \/><\/p>\n ","protected":false},"excerpt":{"rendered":"<p>Tag et kig p\u00e5 vores Facebook side, som l\u00f8bende bliver opdateret: &nbsp; &nbsp; https:\/\/www.facebook.com\/groups\/673942635972726\/<\/p>\n","protected":false},"author":3,"featured_media":0,"parent":0,"menu_order":0,"comment_status":"closed","ping_status":"closed","template":"","meta":[],"yoast_head":"<!-- This site is optimized with the Yoast SEO plugin v19.4 - https:\/\/yoast.com\/wordpress\/plugins\/seo\/ -->\n<title>Facebook - STU-Ulkeb\u00f8ldam<\/title>\n<meta name=\"robots\" content=\"index, follow, max-snippet:-1, max-image-preview:large, max-video-preview:-1\" \/>\n<link rel=\"canonical\" href=\"http:\/\/www.stu-ulkeb\u00f8ldam.dk\/?page_id=692\" \/>\n<meta property=\"og:locale\" content=\"da_DK\" \/>\n<meta property=\"og:type\" content=\"article\" \/>\n<meta property=\"og:title\" content=\"Facebook - STU-Ulkeb\u00f8ldam\" \/>\n<meta property=\"og:description\" content=\"Tag et kig p\u00e5 vores Facebook side, som l\u00f8bende bliver opdateret: &nbsp; &nbsp; https:\/\/www.facebook.com\/groups\/673942635972726\/\" \/>\n<meta property=\"og:url\" content=\"http:\/\/www.stu-ulkeb\u00f8ldam.dk\/?page_id=692\" \/>\n<meta property=\"og:site_name\" content=\"STU-Ulkeb\u00f8ldam\" \/>\n<meta property=\"article:publisher\" content=\"https:\/\/www.facebook.com\/groups\/673942635972726\/?fb_dtsg_ag=AdzoCEilAgSGtsBHsmtxuVQO3YB6z-Pa5QD7Rcccj841Qw%3aAdyhV7ar_ltBh-a1YSIPE8AWSyLJVrhmrhn91Vnn_KF1Tw\" \/>\n<meta property=\"article:modified_time\" content=\"2018-08-16T12:29:59+00:00\" \/>\n<meta name=\"twitter:card\" content=\"summary_large_image\" \/>\n<script type=\"application\/ld+json\" class=\"yoast-schema-graph\">{\"@context\":\"https:\/\/schema.org\",\"@graph\":[{\"@type\":\"Organization\",\"@id\":\"http:\/\/www.stu-ulkeb\u00f8ldam.dk\/#organization\",\"name\":\"STU-Ulkeb\u00f8ldam\",\"url\":\"http:\/\/www.stu-ulkeb\u00f8ldam.dk\/\",\"sameAs\":[\"https:\/\/www.facebook.com\/groups\/673942635972726\/?fb_dtsg_ag=AdzoCEilAgSGtsBHsmtxuVQO3YB6z-Pa5QD7Rcccj841Qw:AdyhV7ar_ltBh-a1YSIPE8AWSyLJVrhmrhn91Vnn_KF1Tw\"],\"logo\":{\"@type\":\"ImageObject\",\"inLanguage\":\"da-DK\",\"@id\":\"http:\/\/www.stu-ulkeb\u00f8ldam.dk\/#\/schema\/logo\/image\/\",\"url\":\"http:\/\/www.stu-ulkeb\u00f8ldam.dk\/wp-content\/uploads\/2018\/01\/IMG_2749.jpg\",\"contentUrl\":\"http:\/\/www.stu-ulkeb\u00f8ldam.dk\/wp-content\/uploads\/2018\/01\/IMG_2749.jpg\",\"width\":4032,\"height\":3024,\"caption\":\"STU-Ulkeb\u00f8ldam\"},\"image\":{\"@id\":\"http:\/\/www.stu-ulkeb\u00f8ldam.dk\/#\/schema\/logo\/image\/\"}},{\"@type\":\"WebSite\",\"@id\":\"http:\/\/www.stu-ulkeb\u00f8ldam.dk\/#website\",\"url\":\"http:\/\/www.stu-ulkeb\u00f8ldam.dk\/\",\"name\":\"STU-Ulkeb\u00f8ldam\",\"description\":\"Unge med s\u00e6rlige behov\",\"publisher\":{\"@id\":\"http:\/\/www.stu-ulkeb\u00f8ldam.dk\/#organization\"},\"potentialAction\":[{\"@type\":\"SearchAction\",\"target\":{\"@type\":\"EntryPoint\",\"urlTemplate\":\"http:\/\/www.stu-ulkeb\u00f8ldam.dk\/?s={search_term_string}\"},\"query-input\":\"required name=search_term_string\"}],\"inLanguage\":\"da-DK\"},{\"@type\":\"WebPage\",\"@id\":\"http:\/\/www.stu-ulkeb\u00f8ldam.dk\/?page_id=692\",\"url\":\"http:\/\/www.stu-ulkeb\u00f8ldam.dk\/?page_id=692\",\"name\":\"Facebook - STU-Ulkeb\u00f8ldam\",\"isPartOf\":{\"@id\":\"http:\/\/www.stu-ulkeb\u00f8ldam.dk\/#website\"},\"datePublished\":\"2018-08-13T12:56:17+00:00\",\"dateModified\":\"2018-08-16T12:29:59+00:00\",\"breadcrumb\":{\"@id\":\"http:\/\/www.stu-ulkeb\u00f8ldam.dk\/?page_id=692#breadcrumb\"},\"inLanguage\":\"da-DK\",\"potentialAction\":[{\"@type\":\"ReadAction\",\"target\":[\"http:\/\/www.stu-ulkeb\u00f8ldam.dk\/?page_id=692\"]}]},{\"@type\":\"BreadcrumbList\",\"@id\":\"http:\/\/www.stu-ulkeb\u00f8ldam.dk\/?page_id=692#breadcrumb\",\"itemListElement\":[{\"@type\":\"ListItem\",\"position\":1,\"name\":\"Hjem\",\"item\":\"http:\/\/www.stu-ulkeb\u00f8ldam.dk\/\"},{\"@type\":\"ListItem\",\"position\":2,\"name\":\"Facebook\"}]}]}<\/script>\n<!-- \/ Yoast SEO plugin. -->","yoast_head_json":{"title":"Facebook - STU-Ulkeb\u00f8ldam","robots":{"index":"index","follow":"follow","max-snippet":"max-snippet:-1","max-image-preview":"max-image-preview:large","max-video-preview":"max-video-preview:-1"},"canonical":"http:\/\/www.stu-ulkeb\u00f8ldam.dk\/?page_id=692","og_locale":"da_DK","og_type":"article","og_title":"Facebook - STU-Ulkeb\u00f8ldam","og_description":"Tag et kig p\u00e5 vores Facebook side, som l\u00f8bende bliver opdateret: &nbsp; &nbsp; https:\/\/www.facebook.com\/groups\/673942635972726\/","og_url":"http:\/\/www.stu-ulkeb\u00f8ldam.dk\/?page_id=692","og_site_name":"STU-Ulkeb\u00f8ldam","article_publisher":"https:\/\/www.facebook.com\/groups\/673942635972726\/?fb_dtsg_ag=AdzoCEilAgSGtsBHsmtxuVQO3YB6z-Pa5QD7Rcccj841Qw%3aAdyhV7ar_ltBh-a1YSIPE8AWSyLJVrhmrhn91Vnn_KF1Tw","article_modified_time":"2018-08-16T12:29:59+00:00","twitter_card":"summary_large_image","schema":{"@context":"https:\/\/schema.org","@graph":[{"@type":"Organization","@id":"http:\/\/www.stu-ulkeb\u00f8ldam.dk\/#organization","name":"STU-Ulkeb\u00f8ldam","url":"http:\/\/www.stu-ulkeb\u00f8ldam.dk\/","sameAs":["https:\/\/www.facebook.com\/groups\/673942635972726\/?fb_dtsg_ag=AdzoCEilAgSGtsBHsmtxuVQO3YB6z-Pa5QD7Rcccj841Qw:AdyhV7ar_ltBh-a1YSIPE8AWSyLJVrhmrhn91Vnn_KF1Tw"],"logo":{"@type":"ImageObject","inLanguage":"da-DK","@id":"http:\/\/www.stu-ulkeb\u00f8ldam.dk\/#\/schema\/logo\/image\/","url":"http:\/\/www.stu-ulkeb\u00f8ldam.dk\/wp-content\/uploads\/2018\/01\/IMG_2749.jpg","contentUrl":"http:\/\/www.stu-ulkeb\u00f8ldam.dk\/wp-content\/uploads\/2018\/01\/IMG_2749.jpg","width":4032,"height":3024,"caption":"STU-Ulkeb\u00f8ldam"},"image":{"@id":"http:\/\/www.stu-ulkeb\u00f8ldam.dk\/#\/schema\/logo\/image\/"}},{"@type":"WebSite","@id":"http:\/\/www.stu-ulkeb\u00f8ldam.dk\/#website","url":"http:\/\/www.stu-ulkeb\u00f8ldam.dk\/","name":"STU-Ulkeb\u00f8ldam","description":"Unge med s\u00e6rlige behov","publisher":{"@id":"http:\/\/www.stu-ulkeb\u00f8ldam.dk\/#organization"},"potentialAction":[{"@type":"SearchAction","target":{"@type":"EntryPoint","urlTemplate":"http:\/\/www.stu-ulkeb\u00f8ldam.dk\/?s={search_term_string}"},"query-input":"required name=search_term_string"}],"inLanguage":"da-DK"},{"@type":"WebPage","@id":"http:\/\/www.stu-ulkeb\u00f8ldam.dk\/?page_id=692","url":"http:\/\/www.stu-ulkeb\u00f8ldam.dk\/?page_id=692","name":"Facebook - STU-Ulkeb\u00f8ldam","isPartOf":{"@id":"http:\/\/www.stu-ulkeb\u00f8ldam.dk\/#website"},"datePublished":"2018-08-13T12:56:17+00:00","dateModified":"2018-08-16T12:29:59+00:00","breadcrumb":{"@id":"http:\/\/www.stu-ulkeb\u00f8ldam.dk\/?page_id=692#breadcrumb"},"inLanguage":"da-DK","potentialAction":[{"@type":"ReadAction","target":["http:\/\/www.stu-ulkeb\u00f8ldam.dk\/?page_id=692"]}]},{"@type":"BreadcrumbList","@id":"http:\/\/www.stu-ulkeb\u00f8ldam.dk\/?page_id=692#breadcrumb","itemListElement":[{"@type":"ListItem","position":1,"name":"Hjem","item":"http:\/\/www.stu-ulkeb\u00f8ldam.dk\/"},{"@type":"ListItem","position":2,"name":"Facebook"}]}]}},"_links":{"self":[{"href":"http:\/\/www.stu-ulkeb\u00f8ldam.dk\/index.php?rest_route=\/wp\/v2\/pages\/692"}],"collection":[{"href":"http:\/\/www.stu-ulkeb\u00f8ldam.dk\/index.php?rest_route=\/wp\/v2\/pages"}],"about":[{"href":"http:\/\/www.stu-ulkeb\u00f8ldam.dk\/index.php?rest_route=\/wp\/v2\/types\/page"}],"author":[{"embeddable":true,"href":"http:\/\/www.stu-ulkeb\u00f8ldam.dk\/index.php?rest_route=\/wp\/v2\/users\/3"}],"replies":[{"embeddable":true,"href":"http:\/\/www.stu-ulkeb\u00f8ldam.dk\/index.php?rest_route=%2Fwp%2Fv2%2Fcomments&post=692"}],"version-history":[{"count":5,"href":"http:\/\/www.stu-ulkeb\u00f8ldam.dk\/index.php?rest_route=\/wp\/v2\/pages\/692\/revisions"}],"predecessor-version":[{"id":702,"href":"http:\/\/www.stu-ulkeb\u00f8ldam.dk\/index.php?rest_route=\/wp\/v2\/pages\/692\/revisions\/702"}],"wp:attachment":[{"href":"http:\/\/www.stu-ulkeb\u00f8ldam.dk\/index.php?rest_route=%2Fwp%2Fv2%2Fmedia&parent=692"}],"curies":[{"name":"wp","href":"https:\/\/api.w.org\/{rel}","templated":true}]}}