{"id":63,"date":"2017-01-03T12:52:55","date_gmt":"2017-01-03T12:52:55","guid":{"rendered":"http:\/\/33a4b7a57288598749e1fd58451a206ece846184.web10.temporaryurl.org\/?page_id=63"},"modified":"2024-05-08T08:05:22","modified_gmt":"2024-05-08T08:05:22","slug":"undervisning","status":"publish","type":"page","link":"http:\/\/www.stu-ulkeb\u00f8ldam.dk\/?page_id=63","title":{"rendered":"Undervisning"},"content":{"rendered":"\n<p><strong>Motion styrker hjernen. Fysisk aktivitet giver bedre l\u00e6ring og trivsel<\/strong><\/p>\n\n\n\n<p>Hver dag starter efter morgenmaden, med en g\u00e5tur rundt i vores lokalomr\u00e5de. Her er der ogs\u00e5 mulighed for at v\u00e6lge cykeltur istedet , hvor nogle af dagene er p\u00e5 alm. vej, og andre dage k\u00f8res der i skoven eller p\u00e5 en n\u00e6rliggende mountainbike bane. Der er ogs\u00e5 elever som gerne vil l\u00f8be om morgenen, hvilket der er mulighed for 3 gange i ugen. Vi \u00f8nsker at eleverne f\u00e5r en s\u00e5 aktiv dag som muligt, og derfor er er vi altid \u00e5bne for aktiviteter som ogs\u00e5 skaber sociale f\u00e6llesskaber.<\/p>\n\n\n\n<p>P\u00e5 skolen har du mulighed for at blive undervist i dansk ,matematik og IT som du kender fra folkeskolen. Vi arbejder med forskellige undervisnings former, det kan v\u00e6re som du kender fra folkeskolen med b\u00f8ger og IT ,eller du kan v\u00e6lge en form, hvor de boglige f\u00e6rdigheder tr\u00e6nes p\u00e5 v\u00e6rkstederne.<\/p>\n\n\n\n<p>Du har mulighed for at tage FVU-pr\u00f8verne i Dansk og Matematik.<\/p>\n\n\n\n<p>Samfundsfag &amp; Seksuel undervisning er obligatoriske fag p\u00e5 STU-Ulkeb\u00f8ldam.<\/p>\n\n\n\n<p><strong>Andre fag<\/strong><br>Kan v\u00e6re fag, som eleven kan have gavn af i fritiden, og som samtidig giver mulighed for at tr\u00e6ne forskellige personlige kompetencer. Det kunne f.eks. v\u00e6re:<\/p>\n\n\n\n<p>\u2022 Fitness (vi har vores eget fitnesscenter p\u00e5 en anden lokalitet)<\/p>\n\n\n\n<p>\u2022 Boldspil\/halsport<\/p>\n\n\n\n<p>\u2022 Udeliv\/fiskeri<\/p>\n\n\n\n<p>\u2022 Kultur mm.<\/p>\n\n\n\n<p>\u2022 Hygiejnebevis\/ Truckcertifikat.<\/p>\n ","protected":false},"excerpt":{"rendered":"<p>Motion styrker hjernen. Fysisk aktivitet giver bedre l\u00e6ring og trivsel Hver dag starter efter morgenmaden, med en g\u00e5tur rundt i vores lokalomr\u00e5de. Her er der ogs\u00e5 mulighed for at v\u00e6lge cykeltur istedet , hvor nogle af dagene er p\u00e5 alm. vej, og andre dage k\u00f8res der i skoven eller p\u00e5 en n\u00e6rliggende mountainbike bane. Der &hellip; <a href=\"http:\/\/www.stu-ulkeb\u00f8ldam.dk\/?page_id=63\" class=\"more-link\">L\u00e6s videre <span class=\"screen-reader-text\">Undervisning<\/span> <span class=\"meta-nav\">&rarr;<\/span><\/a><\/p>\n","protected":false},"author":1,"featured_media":582,"parent":15,"menu_order":4,"comment_status":"closed","ping_status":"closed","template":"","meta":[],"yoast_head":"<!-- This site is optimized with the Yoast SEO plugin v19.4 - https:\/\/yoast.com\/wordpress\/plugins\/seo\/ -->\n<title>Undervisning - STU-Ulkeb\u00f8ldam<\/title>\n<meta name=\"robots\" content=\"index, follow, max-snippet:-1, max-image-preview:large, max-video-preview:-1\" \/>\n<link rel=\"canonical\" href=\"http:\/\/www.stu-ulkeb\u00f8ldam.dk\/?page_id=63\" \/>\n<meta property=\"og:locale\" content=\"da_DK\" \/>\n<meta property=\"og:type\" content=\"article\" \/>\n<meta property=\"og:title\" content=\"Undervisning - STU-Ulkeb\u00f8ldam\" \/>\n<meta property=\"og:description\" content=\"Motion styrker hjernen. Fysisk aktivitet giver bedre l\u00e6ring og trivsel Hver dag starter efter morgenmaden, med en g\u00e5tur rundt i vores lokalomr\u00e5de. Her er der ogs\u00e5 mulighed for at v\u00e6lge cykeltur istedet , hvor nogle af dagene er p\u00e5 alm. vej, og andre dage k\u00f8res der i skoven eller p\u00e5 en n\u00e6rliggende mountainbike bane. Der &hellip; L\u00e6s videre Undervisning &rarr;\" \/>\n<meta property=\"og:url\" content=\"http:\/\/www.stu-ulkeb\u00f8ldam.dk\/?page_id=63\" \/>\n<meta property=\"og:site_name\" content=\"STU-Ulkeb\u00f8ldam\" \/>\n<meta property=\"article:publisher\" content=\"https:\/\/www.facebook.com\/groups\/673942635972726\/?fb_dtsg_ag=AdzoCEilAgSGtsBHsmtxuVQO3YB6z-Pa5QD7Rcccj841Qw%3aAdyhV7ar_ltBh-a1YSIPE8AWSyLJVrhmrhn91Vnn_KF1Tw\" \/>\n<meta property=\"article:modified_time\" content=\"2024-05-08T08:05:22+00:00\" \/>\n<meta property=\"og:image\" content=\"http:\/\/www.stu-ulkeb\u00f8ldam.dk\/wp-content\/uploads\/2018\/02\/IMG_2885.jpg\" \/>\n\t<meta property=\"og:image:width\" content=\"4032\" \/>\n\t<meta property=\"og:image:height\" content=\"3024\" \/>\n\t<meta property=\"og:image:type\" content=\"image\/jpeg\" \/>\n<meta name=\"twitter:card\" content=\"summary_large_image\" \/>\n<meta name=\"twitter:label1\" content=\"Estimeret l\u00e6setid\" \/>\n\t<meta name=\"twitter:data1\" content=\"1 minut\" \/>\n<script type=\"application\/ld+json\" class=\"yoast-schema-graph\">{\"@context\":\"https:\/\/schema.org\",\"@graph\":[{\"@type\":\"Organization\",\"@id\":\"http:\/\/www.stu-ulkeb\u00f8ldam.dk\/#organization\",\"name\":\"STU-Ulkeb\u00f8ldam\",\"url\":\"http:\/\/www.stu-ulkeb\u00f8ldam.dk\/\",\"sameAs\":[\"https:\/\/www.facebook.com\/groups\/673942635972726\/?fb_dtsg_ag=AdzoCEilAgSGtsBHsmtxuVQO3YB6z-Pa5QD7Rcccj841Qw:AdyhV7ar_ltBh-a1YSIPE8AWSyLJVrhmrhn91Vnn_KF1Tw\"],\"logo\":{\"@type\":\"ImageObject\",\"inLanguage\":\"da-DK\",\"@id\":\"http:\/\/www.stu-ulkeb\u00f8ldam.dk\/#\/schema\/logo\/image\/\",\"url\":\"http:\/\/www.stu-ulkeb\u00f8ldam.dk\/wp-content\/uploads\/2018\/01\/IMG_2749.jpg\",\"contentUrl\":\"http:\/\/www.stu-ulkeb\u00f8ldam.dk\/wp-content\/uploads\/2018\/01\/IMG_2749.jpg\",\"width\":4032,\"height\":3024,\"caption\":\"STU-Ulkeb\u00f8ldam\"},\"image\":{\"@id\":\"http:\/\/www.stu-ulkeb\u00f8ldam.dk\/#\/schema\/logo\/image\/\"}},{\"@type\":\"WebSite\",\"@id\":\"http:\/\/www.stu-ulkeb\u00f8ldam.dk\/#website\",\"url\":\"http:\/\/www.stu-ulkeb\u00f8ldam.dk\/\",\"name\":\"STU-Ulkeb\u00f8ldam\",\"description\":\"Unge med s\u00e6rlige behov\",\"publisher\":{\"@id\":\"http:\/\/www.stu-ulkeb\u00f8ldam.dk\/#organization\"},\"potentialAction\":[{\"@type\":\"SearchAction\",\"target\":{\"@type\":\"EntryPoint\",\"urlTemplate\":\"http:\/\/www.stu-ulkeb\u00f8ldam.dk\/?s={search_term_string}\"},\"query-input\":\"required name=search_term_string\"}],\"inLanguage\":\"da-DK\"},{\"@type\":\"WebPage\",\"@id\":\"http:\/\/www.stu-ulkeb\u00f8ldam.dk\/?page_id=63\",\"url\":\"http:\/\/www.stu-ulkeb\u00f8ldam.dk\/?page_id=63\",\"name\":\"Undervisning - STU-Ulkeb\u00f8ldam\",\"isPartOf\":{\"@id\":\"http:\/\/www.stu-ulkeb\u00f8ldam.dk\/#website\"},\"datePublished\":\"2017-01-03T12:52:55+00:00\",\"dateModified\":\"2024-05-08T08:05:22+00:00\",\"breadcrumb\":{\"@id\":\"http:\/\/www.stu-ulkeb\u00f8ldam.dk\/?page_id=63#breadcrumb\"},\"inLanguage\":\"da-DK\",\"potentialAction\":[{\"@type\":\"ReadAction\",\"target\":[\"http:\/\/www.stu-ulkeb\u00f8ldam.dk\/?page_id=63\"]}]},{\"@type\":\"BreadcrumbList\",\"@id\":\"http:\/\/www.stu-ulkeb\u00f8ldam.dk\/?page_id=63#breadcrumb\",\"itemListElement\":[{\"@type\":\"ListItem\",\"position\":1,\"name\":\"Hjem\",\"item\":\"http:\/\/www.stu-ulkeb\u00f8ldam.dk\/\"},{\"@type\":\"ListItem\",\"position\":2,\"name\":\"Uddannelsen\",\"item\":\"http:\/\/www.stu-ulkeb\u00f8ldam.dk\/?page_id=15\"},{\"@type\":\"ListItem\",\"position\":3,\"name\":\"Undervisning\"}]}]}<\/script>\n<!-- \/ Yoast SEO plugin. -->","yoast_head_json":{"title":"Undervisning - STU-Ulkeb\u00f8ldam","robots":{"index":"index","follow":"follow","max-snippet":"max-snippet:-1","max-image-preview":"max-image-preview:large","max-video-preview":"max-video-preview:-1"},"canonical":"http:\/\/www.stu-ulkeb\u00f8ldam.dk\/?page_id=63","og_locale":"da_DK","og_type":"article","og_title":"Undervisning - STU-Ulkeb\u00f8ldam","og_description":"Motion styrker hjernen. Fysisk aktivitet giver bedre l\u00e6ring og trivsel Hver dag starter efter morgenmaden, med en g\u00e5tur rundt i vores lokalomr\u00e5de. Her er der ogs\u00e5 mulighed for at v\u00e6lge cykeltur istedet , hvor nogle af dagene er p\u00e5 alm. vej, og andre dage k\u00f8res der i skoven eller p\u00e5 en n\u00e6rliggende mountainbike bane. Der &hellip; L\u00e6s videre Undervisning &rarr;","og_url":"http:\/\/www.stu-ulkeb\u00f8ldam.dk\/?page_id=63","og_site_name":"STU-Ulkeb\u00f8ldam","article_publisher":"https:\/\/www.facebook.com\/groups\/673942635972726\/?fb_dtsg_ag=AdzoCEilAgSGtsBHsmtxuVQO3YB6z-Pa5QD7Rcccj841Qw%3aAdyhV7ar_ltBh-a1YSIPE8AWSyLJVrhmrhn91Vnn_KF1Tw","article_modified_time":"2024-05-08T08:05:22+00:00","og_image":[{"width":4032,"height":3024,"url":"http:\/\/www.stu-ulkeb\u00f8ldam.dk\/wp-content\/uploads\/2018\/02\/IMG_2885.jpg","type":"image\/jpeg"}],"twitter_card":"summary_large_image","twitter_misc":{"Estimeret l\u00e6setid":"1 minut"},"schema":{"@context":"https:\/\/schema.org","@graph":[{"@type":"Organization","@id":"http:\/\/www.stu-ulkeb\u00f8ldam.dk\/#organization","name":"STU-Ulkeb\u00f8ldam","url":"http:\/\/www.stu-ulkeb\u00f8ldam.dk\/","sameAs":["https:\/\/www.facebook.com\/groups\/673942635972726\/?fb_dtsg_ag=AdzoCEilAgSGtsBHsmtxuVQO3YB6z-Pa5QD7Rcccj841Qw:AdyhV7ar_ltBh-a1YSIPE8AWSyLJVrhmrhn91Vnn_KF1Tw"],"logo":{"@type":"ImageObject","inLanguage":"da-DK","@id":"http:\/\/www.stu-ulkeb\u00f8ldam.dk\/#\/schema\/logo\/image\/","url":"http:\/\/www.stu-ulkeb\u00f8ldam.dk\/wp-content\/uploads\/2018\/01\/IMG_2749.jpg","contentUrl":"http:\/\/www.stu-ulkeb\u00f8ldam.dk\/wp-content\/uploads\/2018\/01\/IMG_2749.jpg","width":4032,"height":3024,"caption":"STU-Ulkeb\u00f8ldam"},"image":{"@id":"http:\/\/www.stu-ulkeb\u00f8ldam.dk\/#\/schema\/logo\/image\/"}},{"@type":"WebSite","@id":"http:\/\/www.stu-ulkeb\u00f8ldam.dk\/#website","url":"http:\/\/www.stu-ulkeb\u00f8ldam.dk\/","name":"STU-Ulkeb\u00f8ldam","description":"Unge med s\u00e6rlige behov","publisher":{"@id":"http:\/\/www.stu-ulkeb\u00f8ldam.dk\/#organization"},"potentialAction":[{"@type":"SearchAction","target":{"@type":"EntryPoint","urlTemplate":"http:\/\/www.stu-ulkeb\u00f8ldam.dk\/?s={search_term_string}"},"query-input":"required name=search_term_string"}],"inLanguage":"da-DK"},{"@type":"WebPage","@id":"http:\/\/www.stu-ulkeb\u00f8ldam.dk\/?page_id=63","url":"http:\/\/www.stu-ulkeb\u00f8ldam.dk\/?page_id=63","name":"Undervisning - STU-Ulkeb\u00f8ldam","isPartOf":{"@id":"http:\/\/www.stu-ulkeb\u00f8ldam.dk\/#website"},"datePublished":"2017-01-03T12:52:55+00:00","dateModified":"2024-05-08T08:05:22+00:00","breadcrumb":{"@id":"http:\/\/www.stu-ulkeb\u00f8ldam.dk\/?page_id=63#breadcrumb"},"inLanguage":"da-DK","potentialAction":[{"@type":"ReadAction","target":["http:\/\/www.stu-ulkeb\u00f8ldam.dk\/?page_id=63"]}]},{"@type":"BreadcrumbList","@id":"http:\/\/www.stu-ulkeb\u00f8ldam.dk\/?page_id=63#breadcrumb","itemListElement":[{"@type":"ListItem","position":1,"name":"Hjem","item":"http:\/\/www.stu-ulkeb\u00f8ldam.dk\/"},{"@type":"ListItem","position":2,"name":"Uddannelsen","item":"http:\/\/www.stu-ulkeb\u00f8ldam.dk\/?page_id=15"},{"@type":"ListItem","position":3,"name":"Undervisning"}]}]}},"_links":{"self":[{"href":"http:\/\/www.stu-ulkeb\u00f8ldam.dk\/index.php?rest_route=\/wp\/v2\/pages\/63"}],"collection":[{"href":"http:\/\/www.stu-ulkeb\u00f8ldam.dk\/index.php?rest_route=\/wp\/v2\/pages"}],"about":[{"href":"http:\/\/www.stu-ulkeb\u00f8ldam.dk\/index.php?rest_route=\/wp\/v2\/types\/page"}],"author":[{"embeddable":true,"href":"http:\/\/www.stu-ulkeb\u00f8ldam.dk\/index.php?rest_route=\/wp\/v2\/users\/1"}],"replies":[{"embeddable":true,"href":"http:\/\/www.stu-ulkeb\u00f8ldam.dk\/index.php?rest_route=%2Fwp%2Fv2%2Fcomments&post=63"}],"version-history":[{"count":10,"href":"http:\/\/www.stu-ulkeb\u00f8ldam.dk\/index.php?rest_route=\/wp\/v2\/pages\/63\/revisions"}],"predecessor-version":[{"id":1958,"href":"http:\/\/www.stu-ulkeb\u00f8ldam.dk\/index.php?rest_route=\/wp\/v2\/pages\/63\/revisions\/1958"}],"up":[{"embeddable":true,"href":"http:\/\/www.stu-ulkeb\u00f8ldam.dk\/index.php?rest_route=\/wp\/v2\/pages\/15"}],"wp:featuredmedia":[{"embeddable":true,"href":"http:\/\/www.stu-ulkeb\u00f8ldam.dk\/index.php?rest_route=\/wp\/v2\/media\/582"}],"wp:attachment":[{"href":"http:\/\/www.stu-ulkeb\u00f8ldam.dk\/index.php?rest_route=%2Fwp%2Fv2%2Fmedia&parent=63"}],"curies":[{"name":"wp","href":"https:\/\/api.w.org\/{rel}","templated":true}]}}