{"id":607,"date":"2018-02-12T12:54:22","date_gmt":"2018-02-12T12:54:22","guid":{"rendered":"http:\/\/www.stu-ulkeb\u00f8ldam.dk\/?page_id=607"},"modified":"2022-06-20T09:18:48","modified_gmt":"2022-06-20T09:18:48","slug":"koekken-vaerksted","status":"publish","type":"page","link":"http:\/\/www.stu-ulkeb\u00f8ldam.dk\/?page_id=607","title":{"rendered":"K\u00f8kken v\u00e6rksted"},"content":{"rendered":"<p>I K\u00f8kkenet laver vi mad til alle p\u00e5 skolen. Vi l\u00e6rer om hygiejne og h\u00e5ndtering af madvarer og meget mere.<\/p>\n<p>Mandag \u2013 onsdag og torsdag laver vi frokost\/ lune retter \u2013 tirsdag og fredag laver vi varmt mad.<\/p>\n<p>Vi stiller det hele p\u00e5 buffet -bordet i spisestuen, og g\u00e5r p\u00e5 skift op og tager den portion som man \u00f8nsker. Vi l\u00e6rer lidt om pli og ansvar overfor sine kammerater.<\/p>\n<p>N\u00e5r du er i k\u00f8kkenet l\u00e6rer du:<\/p>\n<ul>\n<li>At lave menuplan \u2013 medbestemmelse \u2013 ser efter tilbud i reklamer<\/li>\n<li>At lave en indk\u00f8bsliste<\/li>\n<li>At k\u00f8be ind<\/li>\n<li>At behandle madvarer rigtigt<\/li>\n<li>At lave mad \u2013 varmt \u2013 koldt \u2013 bagning<\/li>\n<li>At rydde op og g\u00f8re rent efter sig \u2013 daglig reng\u00f8ring<\/li>\n<li>At vaske de brugte viskestykker, karklude, gulvklude og forkl\u00e6der<\/li>\n<\/ul>\n ","protected":false},"excerpt":{"rendered":"<p>I K\u00f8kkenet laver vi mad til alle p\u00e5 skolen. Vi l\u00e6rer om hygiejne og h\u00e5ndtering af madvarer og meget mere. Mandag \u2013 onsdag og torsdag laver vi frokost\/ lune retter \u2013 tirsdag og fredag laver vi varmt mad. Vi stiller det hele p\u00e5 buffet -bordet i spisestuen, og g\u00e5r p\u00e5 skift op og tager den &hellip; <a href=\"http:\/\/www.stu-ulkeb\u00f8ldam.dk\/?page_id=607\" class=\"more-link\">L\u00e6s videre <span class=\"screen-reader-text\">K\u00f8kken v\u00e6rksted<\/span> <span class=\"meta-nav\">&rarr;<\/span><\/a><\/p>\n","protected":false},"author":3,"featured_media":625,"parent":19,"menu_order":6,"comment_status":"closed","ping_status":"closed","template":"","meta":[],"yoast_head":"<!-- This site is optimized with the Yoast SEO plugin v19.4 - https:\/\/yoast.com\/wordpress\/plugins\/seo\/ -->\n<title>K\u00f8kken v\u00e6rksted - STU-Ulkeb\u00f8ldam<\/title>\n<meta name=\"robots\" content=\"index, follow, max-snippet:-1, max-image-preview:large, max-video-preview:-1\" \/>\n<link rel=\"canonical\" href=\"http:\/\/www.stu-ulkeb\u00f8ldam.dk\/?page_id=607\" \/>\n<meta property=\"og:locale\" content=\"da_DK\" \/>\n<meta property=\"og:type\" content=\"article\" \/>\n<meta property=\"og:title\" content=\"K\u00f8kken v\u00e6rksted - STU-Ulkeb\u00f8ldam\" \/>\n<meta property=\"og:description\" content=\"I K\u00f8kkenet laver vi mad til alle p\u00e5 skolen. Vi l\u00e6rer om hygiejne og h\u00e5ndtering af madvarer og meget mere. Mandag \u2013 onsdag og torsdag laver vi frokost\/ lune retter \u2013 tirsdag og fredag laver vi varmt mad. Vi stiller det hele p\u00e5 buffet -bordet i spisestuen, og g\u00e5r p\u00e5 skift op og tager den &hellip; L\u00e6s videre K\u00f8kken v\u00e6rksted &rarr;\" \/>\n<meta property=\"og:url\" content=\"http:\/\/www.stu-ulkeb\u00f8ldam.dk\/?page_id=607\" \/>\n<meta property=\"og:site_name\" content=\"STU-Ulkeb\u00f8ldam\" \/>\n<meta property=\"article:publisher\" content=\"https:\/\/www.facebook.com\/groups\/673942635972726\/?fb_dtsg_ag=AdzoCEilAgSGtsBHsmtxuVQO3YB6z-Pa5QD7Rcccj841Qw%3aAdyhV7ar_ltBh-a1YSIPE8AWSyLJVrhmrhn91Vnn_KF1Tw\" \/>\n<meta property=\"article:modified_time\" content=\"2022-06-20T09:18:48+00:00\" \/>\n<meta property=\"og:image\" content=\"http:\/\/www.stu-ulkeb\u00f8ldam.dk\/wp-content\/uploads\/2018\/02\/IMG_2900.jpg\" \/>\n\t<meta property=\"og:image:width\" content=\"4032\" \/>\n\t<meta property=\"og:image:height\" content=\"3024\" \/>\n\t<meta property=\"og:image:type\" content=\"image\/jpeg\" \/>\n<meta name=\"twitter:card\" content=\"summary_large_image\" \/>\n<meta name=\"twitter:label1\" content=\"Estimeret l\u00e6setid\" \/>\n\t<meta name=\"twitter:data1\" content=\"1 minut\" \/>\n<script type=\"application\/ld+json\" class=\"yoast-schema-graph\">{\"@context\":\"https:\/\/schema.org\",\"@graph\":[{\"@type\":\"Organization\",\"@id\":\"http:\/\/www.stu-ulkeb\u00f8ldam.dk\/#organization\",\"name\":\"STU-Ulkeb\u00f8ldam\",\"url\":\"http:\/\/www.stu-ulkeb\u00f8ldam.dk\/\",\"sameAs\":[\"https:\/\/www.facebook.com\/groups\/673942635972726\/?fb_dtsg_ag=AdzoCEilAgSGtsBHsmtxuVQO3YB6z-Pa5QD7Rcccj841Qw:AdyhV7ar_ltBh-a1YSIPE8AWSyLJVrhmrhn91Vnn_KF1Tw\"],\"logo\":{\"@type\":\"ImageObject\",\"inLanguage\":\"da-DK\",\"@id\":\"http:\/\/www.stu-ulkeb\u00f8ldam.dk\/#\/schema\/logo\/image\/\",\"url\":\"http:\/\/www.stu-ulkeb\u00f8ldam.dk\/wp-content\/uploads\/2018\/01\/IMG_2749.jpg\",\"contentUrl\":\"http:\/\/www.stu-ulkeb\u00f8ldam.dk\/wp-content\/uploads\/2018\/01\/IMG_2749.jpg\",\"width\":4032,\"height\":3024,\"caption\":\"STU-Ulkeb\u00f8ldam\"},\"image\":{\"@id\":\"http:\/\/www.stu-ulkeb\u00f8ldam.dk\/#\/schema\/logo\/image\/\"}},{\"@type\":\"WebSite\",\"@id\":\"http:\/\/www.stu-ulkeb\u00f8ldam.dk\/#website\",\"url\":\"http:\/\/www.stu-ulkeb\u00f8ldam.dk\/\",\"name\":\"STU-Ulkeb\u00f8ldam\",\"description\":\"Unge med s\u00e6rlige behov\",\"publisher\":{\"@id\":\"http:\/\/www.stu-ulkeb\u00f8ldam.dk\/#organization\"},\"potentialAction\":[{\"@type\":\"SearchAction\",\"target\":{\"@type\":\"EntryPoint\",\"urlTemplate\":\"http:\/\/www.stu-ulkeb\u00f8ldam.dk\/?s={search_term_string}\"},\"query-input\":\"required name=search_term_string\"}],\"inLanguage\":\"da-DK\"},{\"@type\":\"WebPage\",\"@id\":\"http:\/\/www.stu-ulkeb\u00f8ldam.dk\/?page_id=607\",\"url\":\"http:\/\/www.stu-ulkeb\u00f8ldam.dk\/?page_id=607\",\"name\":\"K\u00f8kken v\u00e6rksted - STU-Ulkeb\u00f8ldam\",\"isPartOf\":{\"@id\":\"http:\/\/www.stu-ulkeb\u00f8ldam.dk\/#website\"},\"datePublished\":\"2018-02-12T12:54:22+00:00\",\"dateModified\":\"2022-06-20T09:18:48+00:00\",\"breadcrumb\":{\"@id\":\"http:\/\/www.stu-ulkeb\u00f8ldam.dk\/?page_id=607#breadcrumb\"},\"inLanguage\":\"da-DK\",\"potentialAction\":[{\"@type\":\"ReadAction\",\"target\":[\"http:\/\/www.stu-ulkeb\u00f8ldam.dk\/?page_id=607\"]}]},{\"@type\":\"BreadcrumbList\",\"@id\":\"http:\/\/www.stu-ulkeb\u00f8ldam.dk\/?page_id=607#breadcrumb\",\"itemListElement\":[{\"@type\":\"ListItem\",\"position\":1,\"name\":\"Hjem\",\"item\":\"http:\/\/www.stu-ulkeb\u00f8ldam.dk\/\"},{\"@type\":\"ListItem\",\"position\":2,\"name\":\"Skolen\",\"item\":\"http:\/\/www.stu-ulkeb\u00f8ldam.dk\/?page_id=19\"},{\"@type\":\"ListItem\",\"position\":3,\"name\":\"K\u00f8kken v\u00e6rksted\"}]}]}<\/script>\n<!-- \/ Yoast SEO plugin. -->","yoast_head_json":{"title":"K\u00f8kken v\u00e6rksted - STU-Ulkeb\u00f8ldam","robots":{"index":"index","follow":"follow","max-snippet":"max-snippet:-1","max-image-preview":"max-image-preview:large","max-video-preview":"max-video-preview:-1"},"canonical":"http:\/\/www.stu-ulkeb\u00f8ldam.dk\/?page_id=607","og_locale":"da_DK","og_type":"article","og_title":"K\u00f8kken v\u00e6rksted - STU-Ulkeb\u00f8ldam","og_description":"I K\u00f8kkenet laver vi mad til alle p\u00e5 skolen. Vi l\u00e6rer om hygiejne og h\u00e5ndtering af madvarer og meget mere. Mandag \u2013 onsdag og torsdag laver vi frokost\/ lune retter \u2013 tirsdag og fredag laver vi varmt mad. Vi stiller det hele p\u00e5 buffet -bordet i spisestuen, og g\u00e5r p\u00e5 skift op og tager den &hellip; L\u00e6s videre K\u00f8kken v\u00e6rksted &rarr;","og_url":"http:\/\/www.stu-ulkeb\u00f8ldam.dk\/?page_id=607","og_site_name":"STU-Ulkeb\u00f8ldam","article_publisher":"https:\/\/www.facebook.com\/groups\/673942635972726\/?fb_dtsg_ag=AdzoCEilAgSGtsBHsmtxuVQO3YB6z-Pa5QD7Rcccj841Qw%3aAdyhV7ar_ltBh-a1YSIPE8AWSyLJVrhmrhn91Vnn_KF1Tw","article_modified_time":"2022-06-20T09:18:48+00:00","og_image":[{"width":4032,"height":3024,"url":"http:\/\/www.stu-ulkeb\u00f8ldam.dk\/wp-content\/uploads\/2018\/02\/IMG_2900.jpg","type":"image\/jpeg"}],"twitter_card":"summary_large_image","twitter_misc":{"Estimeret l\u00e6setid":"1 minut"},"schema":{"@context":"https:\/\/schema.org","@graph":[{"@type":"Organization","@id":"http:\/\/www.stu-ulkeb\u00f8ldam.dk\/#organization","name":"STU-Ulkeb\u00f8ldam","url":"http:\/\/www.stu-ulkeb\u00f8ldam.dk\/","sameAs":["https:\/\/www.facebook.com\/groups\/673942635972726\/?fb_dtsg_ag=AdzoCEilAgSGtsBHsmtxuVQO3YB6z-Pa5QD7Rcccj841Qw:AdyhV7ar_ltBh-a1YSIPE8AWSyLJVrhmrhn91Vnn_KF1Tw"],"logo":{"@type":"ImageObject","inLanguage":"da-DK","@id":"http:\/\/www.stu-ulkeb\u00f8ldam.dk\/#\/schema\/logo\/image\/","url":"http:\/\/www.stu-ulkeb\u00f8ldam.dk\/wp-content\/uploads\/2018\/01\/IMG_2749.jpg","contentUrl":"http:\/\/www.stu-ulkeb\u00f8ldam.dk\/wp-content\/uploads\/2018\/01\/IMG_2749.jpg","width":4032,"height":3024,"caption":"STU-Ulkeb\u00f8ldam"},"image":{"@id":"http:\/\/www.stu-ulkeb\u00f8ldam.dk\/#\/schema\/logo\/image\/"}},{"@type":"WebSite","@id":"http:\/\/www.stu-ulkeb\u00f8ldam.dk\/#website","url":"http:\/\/www.stu-ulkeb\u00f8ldam.dk\/","name":"STU-Ulkeb\u00f8ldam","description":"Unge med s\u00e6rlige behov","publisher":{"@id":"http:\/\/www.stu-ulkeb\u00f8ldam.dk\/#organization"},"potentialAction":[{"@type":"SearchAction","target":{"@type":"EntryPoint","urlTemplate":"http:\/\/www.stu-ulkeb\u00f8ldam.dk\/?s={search_term_string}"},"query-input":"required name=search_term_string"}],"inLanguage":"da-DK"},{"@type":"WebPage","@id":"http:\/\/www.stu-ulkeb\u00f8ldam.dk\/?page_id=607","url":"http:\/\/www.stu-ulkeb\u00f8ldam.dk\/?page_id=607","name":"K\u00f8kken v\u00e6rksted - STU-Ulkeb\u00f8ldam","isPartOf":{"@id":"http:\/\/www.stu-ulkeb\u00f8ldam.dk\/#website"},"datePublished":"2018-02-12T12:54:22+00:00","dateModified":"2022-06-20T09:18:48+00:00","breadcrumb":{"@id":"http:\/\/www.stu-ulkeb\u00f8ldam.dk\/?page_id=607#breadcrumb"},"inLanguage":"da-DK","potentialAction":[{"@type":"ReadAction","target":["http:\/\/www.stu-ulkeb\u00f8ldam.dk\/?page_id=607"]}]},{"@type":"BreadcrumbList","@id":"http:\/\/www.stu-ulkeb\u00f8ldam.dk\/?page_id=607#breadcrumb","itemListElement":[{"@type":"ListItem","position":1,"name":"Hjem","item":"http:\/\/www.stu-ulkeb\u00f8ldam.dk\/"},{"@type":"ListItem","position":2,"name":"Skolen","item":"http:\/\/www.stu-ulkeb\u00f8ldam.dk\/?page_id=19"},{"@type":"ListItem","position":3,"name":"K\u00f8kken v\u00e6rksted"}]}]}},"_links":{"self":[{"href":"http:\/\/www.stu-ulkeb\u00f8ldam.dk\/index.php?rest_route=\/wp\/v2\/pages\/607"}],"collection":[{"href":"http:\/\/www.stu-ulkeb\u00f8ldam.dk\/index.php?rest_route=\/wp\/v2\/pages"}],"about":[{"href":"http:\/\/www.stu-ulkeb\u00f8ldam.dk\/index.php?rest_route=\/wp\/v2\/types\/page"}],"author":[{"embeddable":true,"href":"http:\/\/www.stu-ulkeb\u00f8ldam.dk\/index.php?rest_route=\/wp\/v2\/users\/3"}],"replies":[{"embeddable":true,"href":"http:\/\/www.stu-ulkeb\u00f8ldam.dk\/index.php?rest_route=%2Fwp%2Fv2%2Fcomments&post=607"}],"version-history":[{"count":5,"href":"http:\/\/www.stu-ulkeb\u00f8ldam.dk\/index.php?rest_route=\/wp\/v2\/pages\/607\/revisions"}],"predecessor-version":[{"id":1764,"href":"http:\/\/www.stu-ulkeb\u00f8ldam.dk\/index.php?rest_route=\/wp\/v2\/pages\/607\/revisions\/1764"}],"up":[{"embeddable":true,"href":"http:\/\/www.stu-ulkeb\u00f8ldam.dk\/index.php?rest_route=\/wp\/v2\/pages\/19"}],"wp:featuredmedia":[{"embeddable":true,"href":"http:\/\/www.stu-ulkeb\u00f8ldam.dk\/index.php?rest_route=\/wp\/v2\/media\/625"}],"wp:attachment":[{"href":"http:\/\/www.stu-ulkeb\u00f8ldam.dk\/index.php?rest_route=%2Fwp%2Fv2%2Fmedia&parent=607"}],"curies":[{"name":"wp","href":"https:\/\/api.w.org\/{rel}","templated":true}]}}