{"id":413,"date":"2018-01-23T08:46:33","date_gmt":"2018-01-23T08:46:33","guid":{"rendered":"http:\/\/www.stu-ulkeb\u00f8ldam.dk\/?page_id=413"},"modified":"2026-04-27T07:48:07","modified_gmt":"2026-04-27T07:48:07","slug":"aarets-aktiviteter-2018","status":"publish","type":"page","link":"http:\/\/www.stu-ulkeb\u00f8ldam.dk\/?page_id=413","title":{"rendered":"Aktivitetskalender STU skole\u00e5r 2025\/2026"},"content":{"rendered":"<p style=\"margin: 0cm 0cm 18pt; background-image: initial; background-position: initial; background-size: initial; background-repeat: initial; background-attachment: initial; background-origin: initial; background-clip: initial;\"><strong>11.08.2025 \u2013 12.08.2025 \u2013 Opstart efter sommerferien. (Introdage).<\/strong><\/p>\n<p><strong>13.09.2025 Lysabild landsbymarked. <\/strong><\/p>\n<p><strong>15.09.2025 &#8211; De elever der har v\u00e6ret med til landsbymarked, holder fri.<\/strong><\/p>\n<p style=\"margin: 0cm 0cm 18pt; background-image: initial; background-position: initial; background-size: initial; background-repeat: initial; background-attachment: initial; background-origin: initial; background-clip: initial;\"><strong>20.09.2025 \u2013 Med p\u00e5 holdet idr\u00e6tsdag i Gr\u00e5sten fra 10-15 (kun for tilmeldte elever).<\/strong><\/p>\n<p style=\"margin: 0cm 0cm 18pt; background-image: initial; background-position: initial; background-size: initial; background-repeat: initial; background-attachment: initial; background-origin: initial; background-clip: initial;\"><strong>22.09.2025 \u2013 Elever og l\u00e6rere der har v\u00e6ret til idr\u00e6tsdag holder fri, alle andre m\u00f8der ind p\u00e5 skolen som normalt.<\/strong><\/p>\n<p style=\"margin: 0cm 0cm 18pt; background-image: initial; background-position: initial; background-size: initial; background-repeat: initial; background-attachment: initial; background-origin: initial; background-clip: initial;\"><strong>11.10.2025 \u2013 19.10.2025 \u2013 Efter\u00e5rsferie (Elever og l\u00e6rere holder fri).<\/strong><\/p>\n<p style=\"margin: 0cm 0cm 18pt; background-image: initial; background-position: initial; background-size: initial; background-repeat: initial; background-attachment: initial; background-origin: initial; background-clip: initial;\"><strong>Uge 44 \u2013 Afholdes l\u00f8bende 12 ugers m\u00f8der.<\/strong><b><\/b><\/p>\n<p><strong>30.10.2025 &#8211; Elever holder fri, da vi indk\u00f8rer nyt journaliseringssystem.<\/strong><\/p>\n<p style=\"margin: 0cm 0cm 18pt; background-image: initial; background-position: initial; background-size: initial; background-repeat: initial; background-attachment: initial; background-origin: initial; background-clip: initial;\"><strong>13.11.2025 \u2013 Aften<\/strong><b> arrangement fra 14.30 \u2013 19.30.<\/b><\/p>\n<p><strong>14.11.2025 &#8211; Fri efter aften arrangement.<\/strong><\/p>\n<p style=\"margin: 0cm 0cm 18pt; background-image: initial; background-position: initial; background-size: initial; background-repeat: initial; background-attachment: initial; background-origin: initial; background-clip: initial;\"><strong>Uge 48 \u2013 Afholdes 2 1\/2 \u00e5rsm\u00f8der.<\/strong><\/p>\n<p style=\"margin: 0cm 0cm 18pt; background-image: initial; background-position: initial; background-size: initial; background-repeat: initial; background-attachment: initial; background-origin: initial; background-clip: initial;\"><strong>04.12.2025 \u2013 Juletur til Flensborg fra kl. 12-20.<\/strong><\/p>\n<p><strong>05.12.2025 &#8211; P\u00e6dagogisk dag. Eleverne har fri.<\/strong><\/p>\n<p style=\"margin: 0cm 0cm 18pt; background-image: initial; background-position: initial; background-size: initial; background-repeat: initial; background-attachment: initial; background-origin: initial; background-clip: initial;\"><strong>19.12.2025 \u2013 Juleafslutning fra kl. 8-14.<\/strong><\/p>\n<p style=\"margin: 0cm 0cm 18pt; background-image: initial; background-position: initial; background-size: initial; background-repeat: initial; background-attachment: initial; background-origin: initial; background-clip: initial;\"><strong>20.12.2025 \u2013 04.01.2026\u2013 Juleferie (<\/strong><strong>Elever og l\u00e6rere holder fri).<\/strong><b><\/b><\/p>\n<p style=\"margin: 0cm 0cm 18pt; background-image: initial; background-position: initial; background-size: initial; background-repeat: initial; background-attachment: initial; background-origin: initial; background-clip: initial;\"><strong>07.02.2026 \u2013 15.02.2026 &#8211;\u00a0 Vinterferie (Elever og l\u00e6rere holder fri).<\/strong><\/p>\n<p style=\"margin: 0cm 0cm 18pt; background-image: initial; background-position: initial; background-size: initial; background-repeat: initial; background-attachment: initial; background-origin: initial; background-clip: initial;\"><strong>28.03.2026 \u2013 06.04.2026 P\u00e5skeferie (Elever og l\u00e6rere holder fri).<\/strong><\/p>\n<p><strong>09.04.2026 &#8211; P\u00e6dagogisk dag, eleverne har fri<\/strong><\/p>\n<p style=\"margin: 0cm 0cm 18pt; background-image: initial; background-position: initial; background-size: initial; background-repeat: initial; background-attachment: initial; background-origin: initial; background-clip: initial;\"><strong>23.04.2026 \u2013 Virksomhedsbes\u00f8g fra 8-20.<\/strong><\/p>\n<p style=\"margin: 0cm 0cm 18pt; background-image: initial; background-position: initial; background-size: initial; background-repeat: initial; background-attachment: initial; background-origin: initial; background-clip: initial;\"><strong>24.04.2026 \u2013 Fri efter virksomhedsbes\u00f8g (Elever og l\u00e6rere holder fri).<\/strong><\/p>\n<p><strong>01.05.2026 &#8211; Gammel elevdag fra 16-20 nuv\u00e6rende elever m\u00f8der ind kl.\u00a0 15-20.<\/strong><\/p>\n<p><strong>14.05.2026 &#8211; 15.05.2026 &#8211;\u00a0 Kristi Himmelfartsdag (Elever og l\u00e6rere holder fri).<\/strong><\/p>\n<p><strong>25.05.2026 &#8211;\u00a0 2. Pinsedag (Elever og l\u00e6rere holder fri).<\/strong><\/p>\n<p style=\"margin: 0cm 0cm 18pt; background-image: initial; background-position: initial; background-size: initial; background-repeat: initial; background-attachment: initial; background-origin: initial; background-clip: initial;\"><strong>31.05.2026\u2013 04.06.2026 &#8211;\u00a0 Studietur.<\/strong><b><\/b><\/p>\n<p><strong>05.06.2026 &#8211; Grundlovsdag (Elever og l\u00e6rere holder fri).<\/strong><\/p>\n<p><strong>08.06.2026 &#8211;\u00a0 Fri efter studietur ( Kun de elever og l\u00e6rere der har v\u00e6ret afsted).<\/strong><\/p>\n<p style=\"margin: 0cm 0cm 18pt; background-image: initial; background-position: initial; background-size: initial; background-repeat: initial; background-attachment: initial; background-origin: initial; background-clip: initial;\"><strong>10.06.2026 \u2013 Infoaften for nye elever.<\/strong><\/p>\n<p><strong>16.06.2026 &#8211; P\u00e6dagogisk dag, eleverne har fri.<\/strong><\/p>\n<p style=\"margin: 0cm 0cm 18pt; background-image: initial; background-position: initial; background-size: initial; background-repeat: initial; background-attachment: initial; background-origin: initial; background-clip: initial;\"><strong style=\"color: var( --e-global-color-text );\">25.06.2026 \u2013 Sidste skoledag.<\/strong><\/p>\n<p style=\"margin: 0cm 0cm 18pt; background-image: initial; background-position: initial; background-size: initial; background-repeat: initial; background-attachment: initial; background-origin: initial; background-clip: initial;\"><strong style=\"color: var( --e-global-color-text );\">26.06.2026 \u2013 Dimission.<\/strong><\/p>\n<p style=\"margin: 0cm 0cm 18pt; background-image: initial; background-position: initial; background-size: initial; background-repeat: initial; background-attachment: initial; background-origin: initial; background-clip: initial;\">(Alle dage er inklusiv)<\/p>\n<p style=\"margin: 0cm 0cm 18pt; background-image: initial; background-position: initial; background-size: initial; background-repeat: initial; background-attachment: initial; background-origin: initial; background-clip: initial;\">(Enkelte dage<br \/>\nkommer i planen l\u00f8bende, da datoen endnu er uvist)<\/p>\n ","protected":false},"excerpt":{"rendered":"<p>11.08.2025 \u2013 12.08.2025 \u2013 Opstart efter sommerferien. (Introdage). 13.09.2025 Lysabild landsbymarked. 15.09.2025 &#8211; De elever der har v\u00e6ret med til landsbymarked, holder fri. 20.09.2025 \u2013 Med p\u00e5 holdet idr\u00e6tsdag i Gr\u00e5sten fra 10-15 (kun for tilmeldte elever). 22.09.2025 \u2013 Elever og l\u00e6rere der har v\u00e6ret til idr\u00e6tsdag holder fri, alle andre m\u00f8der ind p\u00e5 skolen &hellip; <a href=\"http:\/\/www.stu-ulkeb\u00f8ldam.dk\/?page_id=413\" class=\"more-link\">L\u00e6s videre <span class=\"screen-reader-text\">Aktivitetskalender STU skole\u00e5r 2025\/2026<\/span> <span class=\"meta-nav\">&rarr;<\/span><\/a><\/p>\n","protected":false},"author":3,"featured_media":417,"parent":106,"menu_order":0,"comment_status":"closed","ping_status":"closed","template":"","meta":[],"yoast_head":"<!-- This site is optimized with the Yoast SEO plugin v19.4 - https:\/\/yoast.com\/wordpress\/plugins\/seo\/ -->\n<title>Aktivitetskalender STU skole\u00e5r 2025\/2026 - STU-Ulkeb\u00f8ldam<\/title>\n<meta name=\"robots\" content=\"index, follow, max-snippet:-1, max-image-preview:large, max-video-preview:-1\" \/>\n<link rel=\"canonical\" href=\"http:\/\/www.stu-ulkeb\u00f8ldam.dk\/?page_id=413\" \/>\n<meta property=\"og:locale\" content=\"da_DK\" \/>\n<meta property=\"og:type\" content=\"article\" \/>\n<meta property=\"og:title\" content=\"Aktivitetskalender STU skole\u00e5r 2025\/2026 - STU-Ulkeb\u00f8ldam\" \/>\n<meta property=\"og:description\" content=\"11.08.2025 \u2013 12.08.2025 \u2013 Opstart efter sommerferien. (Introdage). 13.09.2025 Lysabild landsbymarked. 15.09.2025 &#8211; De elever der har v\u00e6ret med til landsbymarked, holder fri. 20.09.2025 \u2013 Med p\u00e5 holdet idr\u00e6tsdag i Gr\u00e5sten fra 10-15 (kun for tilmeldte elever). 22.09.2025 \u2013 Elever og l\u00e6rere der har v\u00e6ret til idr\u00e6tsdag holder fri, alle andre m\u00f8der ind p\u00e5 skolen &hellip; L\u00e6s videre Aktivitetskalender STU skole\u00e5r 2025\/2026 &rarr;\" \/>\n<meta property=\"og:url\" content=\"http:\/\/www.stu-ulkeb\u00f8ldam.dk\/?page_id=413\" \/>\n<meta property=\"og:site_name\" content=\"STU-Ulkeb\u00f8ldam\" \/>\n<meta property=\"article:publisher\" content=\"https:\/\/www.facebook.com\/groups\/673942635972726\/?fb_dtsg_ag=AdzoCEilAgSGtsBHsmtxuVQO3YB6z-Pa5QD7Rcccj841Qw%3aAdyhV7ar_ltBh-a1YSIPE8AWSyLJVrhmrhn91Vnn_KF1Tw\" \/>\n<meta property=\"article:modified_time\" content=\"2026-04-27T07:48:07+00:00\" \/>\n<meta property=\"og:image\" content=\"http:\/\/www.stu-ulkeb\u00f8ldam.dk\/wp-content\/uploads\/2018\/01\/IMG_2749.jpg\" \/>\n\t<meta property=\"og:image:width\" content=\"4032\" \/>\n\t<meta property=\"og:image:height\" content=\"3024\" \/>\n\t<meta property=\"og:image:type\" content=\"image\/jpeg\" \/>\n<meta name=\"twitter:card\" content=\"summary_large_image\" \/>\n<meta name=\"twitter:label1\" content=\"Estimeret l\u00e6setid\" \/>\n\t<meta name=\"twitter:data1\" content=\"2 minutter\" \/>\n<script type=\"application\/ld+json\" class=\"yoast-schema-graph\">{\"@context\":\"https:\/\/schema.org\",\"@graph\":[{\"@type\":\"Organization\",\"@id\":\"http:\/\/www.stu-ulkeb\u00f8ldam.dk\/#organization\",\"name\":\"STU-Ulkeb\u00f8ldam\",\"url\":\"http:\/\/www.stu-ulkeb\u00f8ldam.dk\/\",\"sameAs\":[\"https:\/\/www.facebook.com\/groups\/673942635972726\/?fb_dtsg_ag=AdzoCEilAgSGtsBHsmtxuVQO3YB6z-Pa5QD7Rcccj841Qw:AdyhV7ar_ltBh-a1YSIPE8AWSyLJVrhmrhn91Vnn_KF1Tw\"],\"logo\":{\"@type\":\"ImageObject\",\"inLanguage\":\"da-DK\",\"@id\":\"http:\/\/www.stu-ulkeb\u00f8ldam.dk\/#\/schema\/logo\/image\/\",\"url\":\"http:\/\/www.stu-ulkeb\u00f8ldam.dk\/wp-content\/uploads\/2018\/01\/IMG_2749.jpg\",\"contentUrl\":\"http:\/\/www.stu-ulkeb\u00f8ldam.dk\/wp-content\/uploads\/2018\/01\/IMG_2749.jpg\",\"width\":4032,\"height\":3024,\"caption\":\"STU-Ulkeb\u00f8ldam\"},\"image\":{\"@id\":\"http:\/\/www.stu-ulkeb\u00f8ldam.dk\/#\/schema\/logo\/image\/\"}},{\"@type\":\"WebSite\",\"@id\":\"http:\/\/www.stu-ulkeb\u00f8ldam.dk\/#website\",\"url\":\"http:\/\/www.stu-ulkeb\u00f8ldam.dk\/\",\"name\":\"STU-Ulkeb\u00f8ldam\",\"description\":\"Unge med s\u00e6rlige behov\",\"publisher\":{\"@id\":\"http:\/\/www.stu-ulkeb\u00f8ldam.dk\/#organization\"},\"potentialAction\":[{\"@type\":\"SearchAction\",\"target\":{\"@type\":\"EntryPoint\",\"urlTemplate\":\"http:\/\/www.stu-ulkeb\u00f8ldam.dk\/?s={search_term_string}\"},\"query-input\":\"required name=search_term_string\"}],\"inLanguage\":\"da-DK\"},{\"@type\":\"WebPage\",\"@id\":\"http:\/\/www.stu-ulkeb\u00f8ldam.dk\/?page_id=413\",\"url\":\"http:\/\/www.stu-ulkeb\u00f8ldam.dk\/?page_id=413\",\"name\":\"Aktivitetskalender STU skole\u00e5r 2025\/2026 - STU-Ulkeb\u00f8ldam\",\"isPartOf\":{\"@id\":\"http:\/\/www.stu-ulkeb\u00f8ldam.dk\/#website\"},\"datePublished\":\"2018-01-23T08:46:33+00:00\",\"dateModified\":\"2026-04-27T07:48:07+00:00\",\"breadcrumb\":{\"@id\":\"http:\/\/www.stu-ulkeb\u00f8ldam.dk\/?page_id=413#breadcrumb\"},\"inLanguage\":\"da-DK\",\"potentialAction\":[{\"@type\":\"ReadAction\",\"target\":[\"http:\/\/www.stu-ulkeb\u00f8ldam.dk\/?page_id=413\"]}]},{\"@type\":\"BreadcrumbList\",\"@id\":\"http:\/\/www.stu-ulkeb\u00f8ldam.dk\/?page_id=413#breadcrumb\",\"itemListElement\":[{\"@type\":\"ListItem\",\"position\":1,\"name\":\"Hjem\",\"item\":\"http:\/\/www.stu-ulkeb\u00f8ldam.dk\/\"},{\"@type\":\"ListItem\",\"position\":2,\"name\":\"Kalender\",\"item\":\"http:\/\/www.stu-ulkeb\u00f8ldam.dk\/?page_id=106\"},{\"@type\":\"ListItem\",\"position\":3,\"name\":\"Aktivitetskalender STU skole\u00e5r 2025\/2026\"}]}]}<\/script>\n<!-- \/ Yoast SEO plugin. -->","yoast_head_json":{"title":"Aktivitetskalender STU skole\u00e5r 2025\/2026 - STU-Ulkeb\u00f8ldam","robots":{"index":"index","follow":"follow","max-snippet":"max-snippet:-1","max-image-preview":"max-image-preview:large","max-video-preview":"max-video-preview:-1"},"canonical":"http:\/\/www.stu-ulkeb\u00f8ldam.dk\/?page_id=413","og_locale":"da_DK","og_type":"article","og_title":"Aktivitetskalender STU skole\u00e5r 2025\/2026 - STU-Ulkeb\u00f8ldam","og_description":"11.08.2025 \u2013 12.08.2025 \u2013 Opstart efter sommerferien. (Introdage). 13.09.2025 Lysabild landsbymarked. 15.09.2025 &#8211; De elever der har v\u00e6ret med til landsbymarked, holder fri. 20.09.2025 \u2013 Med p\u00e5 holdet idr\u00e6tsdag i Gr\u00e5sten fra 10-15 (kun for tilmeldte elever). 22.09.2025 \u2013 Elever og l\u00e6rere der har v\u00e6ret til idr\u00e6tsdag holder fri, alle andre m\u00f8der ind p\u00e5 skolen &hellip; L\u00e6s videre Aktivitetskalender STU skole\u00e5r 2025\/2026 &rarr;","og_url":"http:\/\/www.stu-ulkeb\u00f8ldam.dk\/?page_id=413","og_site_name":"STU-Ulkeb\u00f8ldam","article_publisher":"https:\/\/www.facebook.com\/groups\/673942635972726\/?fb_dtsg_ag=AdzoCEilAgSGtsBHsmtxuVQO3YB6z-Pa5QD7Rcccj841Qw%3aAdyhV7ar_ltBh-a1YSIPE8AWSyLJVrhmrhn91Vnn_KF1Tw","article_modified_time":"2026-04-27T07:48:07+00:00","og_image":[{"width":4032,"height":3024,"url":"http:\/\/www.stu-ulkeb\u00f8ldam.dk\/wp-content\/uploads\/2018\/01\/IMG_2749.jpg","type":"image\/jpeg"}],"twitter_card":"summary_large_image","twitter_misc":{"Estimeret l\u00e6setid":"2 minutter"},"schema":{"@context":"https:\/\/schema.org","@graph":[{"@type":"Organization","@id":"http:\/\/www.stu-ulkeb\u00f8ldam.dk\/#organization","name":"STU-Ulkeb\u00f8ldam","url":"http:\/\/www.stu-ulkeb\u00f8ldam.dk\/","sameAs":["https:\/\/www.facebook.com\/groups\/673942635972726\/?fb_dtsg_ag=AdzoCEilAgSGtsBHsmtxuVQO3YB6z-Pa5QD7Rcccj841Qw:AdyhV7ar_ltBh-a1YSIPE8AWSyLJVrhmrhn91Vnn_KF1Tw"],"logo":{"@type":"ImageObject","inLanguage":"da-DK","@id":"http:\/\/www.stu-ulkeb\u00f8ldam.dk\/#\/schema\/logo\/image\/","url":"http:\/\/www.stu-ulkeb\u00f8ldam.dk\/wp-content\/uploads\/2018\/01\/IMG_2749.jpg","contentUrl":"http:\/\/www.stu-ulkeb\u00f8ldam.dk\/wp-content\/uploads\/2018\/01\/IMG_2749.jpg","width":4032,"height":3024,"caption":"STU-Ulkeb\u00f8ldam"},"image":{"@id":"http:\/\/www.stu-ulkeb\u00f8ldam.dk\/#\/schema\/logo\/image\/"}},{"@type":"WebSite","@id":"http:\/\/www.stu-ulkeb\u00f8ldam.dk\/#website","url":"http:\/\/www.stu-ulkeb\u00f8ldam.dk\/","name":"STU-Ulkeb\u00f8ldam","description":"Unge med s\u00e6rlige behov","publisher":{"@id":"http:\/\/www.stu-ulkeb\u00f8ldam.dk\/#organization"},"potentialAction":[{"@type":"SearchAction","target":{"@type":"EntryPoint","urlTemplate":"http:\/\/www.stu-ulkeb\u00f8ldam.dk\/?s={search_term_string}"},"query-input":"required name=search_term_string"}],"inLanguage":"da-DK"},{"@type":"WebPage","@id":"http:\/\/www.stu-ulkeb\u00f8ldam.dk\/?page_id=413","url":"http:\/\/www.stu-ulkeb\u00f8ldam.dk\/?page_id=413","name":"Aktivitetskalender STU skole\u00e5r 2025\/2026 - STU-Ulkeb\u00f8ldam","isPartOf":{"@id":"http:\/\/www.stu-ulkeb\u00f8ldam.dk\/#website"},"datePublished":"2018-01-23T08:46:33+00:00","dateModified":"2026-04-27T07:48:07+00:00","breadcrumb":{"@id":"http:\/\/www.stu-ulkeb\u00f8ldam.dk\/?page_id=413#breadcrumb"},"inLanguage":"da-DK","potentialAction":[{"@type":"ReadAction","target":["http:\/\/www.stu-ulkeb\u00f8ldam.dk\/?page_id=413"]}]},{"@type":"BreadcrumbList","@id":"http:\/\/www.stu-ulkeb\u00f8ldam.dk\/?page_id=413#breadcrumb","itemListElement":[{"@type":"ListItem","position":1,"name":"Hjem","item":"http:\/\/www.stu-ulkeb\u00f8ldam.dk\/"},{"@type":"ListItem","position":2,"name":"Kalender","item":"http:\/\/www.stu-ulkeb\u00f8ldam.dk\/?page_id=106"},{"@type":"ListItem","position":3,"name":"Aktivitetskalender STU skole\u00e5r 2025\/2026"}]}]}},"_links":{"self":[{"href":"http:\/\/www.stu-ulkeb\u00f8ldam.dk\/index.php?rest_route=\/wp\/v2\/pages\/413"}],"collection":[{"href":"http:\/\/www.stu-ulkeb\u00f8ldam.dk\/index.php?rest_route=\/wp\/v2\/pages"}],"about":[{"href":"http:\/\/www.stu-ulkeb\u00f8ldam.dk\/index.php?rest_route=\/wp\/v2\/types\/page"}],"author":[{"embeddable":true,"href":"http:\/\/www.stu-ulkeb\u00f8ldam.dk\/index.php?rest_route=\/wp\/v2\/users\/3"}],"replies":[{"embeddable":true,"href":"http:\/\/www.stu-ulkeb\u00f8ldam.dk\/index.php?rest_route=%2Fwp%2Fv2%2Fcomments&post=413"}],"version-history":[{"count":119,"href":"http:\/\/www.stu-ulkeb\u00f8ldam.dk\/index.php?rest_route=\/wp\/v2\/pages\/413\/revisions"}],"predecessor-version":[{"id":2022,"href":"http:\/\/www.stu-ulkeb\u00f8ldam.dk\/index.php?rest_route=\/wp\/v2\/pages\/413\/revisions\/2022"}],"up":[{"embeddable":true,"href":"http:\/\/www.stu-ulkeb\u00f8ldam.dk\/index.php?rest_route=\/wp\/v2\/pages\/106"}],"wp:featuredmedia":[{"embeddable":true,"href":"http:\/\/www.stu-ulkeb\u00f8ldam.dk\/index.php?rest_route=\/wp\/v2\/media\/417"}],"wp:attachment":[{"href":"http:\/\/www.stu-ulkeb\u00f8ldam.dk\/index.php?rest_route=%2Fwp%2Fv2%2Fmedia&parent=413"}],"curies":[{"name":"wp","href":"https:\/\/api.w.org\/{rel}","templated":true}]}}