{"id":404,"date":"2018-01-22T13:53:45","date_gmt":"2018-01-22T13:53:45","guid":{"rendered":"http:\/\/www.stu-ulkeb\u00f8ldam.dk\/?page_id=404"},"modified":"2024-11-08T10:01:13","modified_gmt":"2024-11-08T10:01:13","slug":"kontakt","status":"publish","type":"page","link":"http:\/\/www.stu-ulkeb\u00f8ldam.dk\/?page_id=404","title":{"rendered":"Kontakt"},"content":{"rendered":"\t\t<div data-elementor-type=\"wp-page\" data-elementor-id=\"404\" class=\"elementor elementor-404\">\n\t\t\t\t\t\t<div class=\"elementor-inner\">\n\t\t\t\t<div class=\"elementor-section-wrap\">\n\t\t\t\t\t\t\t\t\t<section class=\"elementor-section elementor-top-section elementor-element elementor-element-1fc39ab5 elementor-section-boxed elementor-section-height-default elementor-section-height-default\" data-id=\"1fc39ab5\" data-element_type=\"section\">\n\t\t\t\t\t\t<div class=\"elementor-container elementor-column-gap-default\">\n\t\t\t\t\t\t\t<div class=\"elementor-row\">\n\t\t\t\t\t<div class=\"elementor-column elementor-col-100 elementor-top-column elementor-element elementor-element-611d3504\" data-id=\"611d3504\" data-element_type=\"column\">\n\t\t\t<div class=\"elementor-column-wrap elementor-element-populated\">\n\t\t\t\t\t\t\t<div class=\"elementor-widget-wrap\">\n\t\t\t\t\t\t<div class=\"elementor-element elementor-element-269da0fc elementor-widget elementor-widget-text-editor\" data-id=\"269da0fc\" data-element_type=\"widget\" data-widget_type=\"text-editor.default\">\n\t\t\t\t<div class=\"elementor-widget-container\">\n\t\t\t\t\t\t\t\t<div class=\"elementor-text-editor elementor-clearfix\">\n\t\t\t\t<h4 style=\"text-align: center;\">\u00a0<\/h4>\n<h4 style=\"text-align: center;\">Adressen:<\/h4>\n<p style=\"text-align: center;\">Ulkeb\u00f8ldam 8.<\/p>\n<p style=\"text-align: center;\">6400 S\u00f8nderborg.<\/p>\n<p style=\"text-align: center;\">Hovednummer til STU:<strong> 23 66 28 04<\/strong><\/p>\n<p style=\"text-align: center;\">Hovedmail\u00a0 til STU er: <strong>sikkerpoststu@fgusyd.dk<\/strong><\/p>\n<p>\u00a0<\/p>\n<h1 style=\"text-align: center;\">Personalet:<\/h1>\n<p><img decoding=\"async\" loading=\"lazy\" class=\"aligncenter wp-image-243 \" src=\"http:\/\/www.stu-ulkeb\u00f8ldam.dk\/wp-content\/uploads\/2017\/07\/10636790_10204959100964431_3282179038872203300_o-1-150x150.jpg\" alt=\"\" width=\"148\" height=\"148\" srcset=\"http:\/\/www.stu-ulkeb\u00f8ldam.dk\/wp-content\/uploads\/2017\/07\/10636790_10204959100964431_3282179038872203300_o-1-150x150.jpg 150w, http:\/\/www.stu-ulkeb\u00f8ldam.dk\/wp-content\/uploads\/2017\/07\/10636790_10204959100964431_3282179038872203300_o-1-300x300.jpg 300w, http:\/\/www.stu-ulkeb\u00f8ldam.dk\/wp-content\/uploads\/2017\/07\/10636790_10204959100964431_3282179038872203300_o-1-768x768.jpg 768w, http:\/\/www.stu-ulkeb\u00f8ldam.dk\/wp-content\/uploads\/2017\/07\/10636790_10204959100964431_3282179038872203300_o-1-1024x1024.jpg 1024w, http:\/\/www.stu-ulkeb\u00f8ldam.dk\/wp-content\/uploads\/2017\/07\/10636790_10204959100964431_3282179038872203300_o-1.jpg 1080w\" sizes=\"(max-width: 148px) 100vw, 148px\" \/><\/p>\n<p>\u00a0<\/p>\n<p><strong>\u00a0 \u00a0 \u00a0 \u00a0 \u00a0 \u00a0 \u00a0 \u00a0 \u00a0 \u00a0 \u00a0 \u00a0 \u00a0 \u00a0 \u00a0 \u00a0 \u00a0 \u00a0 \u00a0 \u00a0 \u00a0 \u00a0 \u00a0 \u00a0Skoleleder Bent Brinckmann.\u00a0<\/strong><\/p>\n<p><strong>\u00a0 \u00a0 \u00a0 \u00a0 \u00a0 \u00a0 \u00a0 \u00a0 \u00a0 \u00a0 \u00a0 \u00a0 \u00a0 \u00a0 \u00a0 \u00a0 \u00a0 \u00a0 \u00a0 \u00a0Tlf: 21243934. M<\/strong><strong>ail: bebr@fgusyd.dk<\/strong><\/p>\n<p><!-- wp:image {\"id\":252,\"width\":168,\"height\":220,\"sizeSlug\":\"large\",\"className\":\"is-style-rounded\"} --><\/p>\n<figure class=\"wp-block-image size-large is-resized is-style-rounded\">\n<p style=\"text-align: center;\">\u00a0<\/p>\n<\/figure>\n<p style=\"text-align: center;\"><!-- \/wp:image --><\/p>\n<p style=\"text-align: center;\"><!-- wp:image {\"id\":243,\"width\":168,\"height\":220,\"sizeSlug\":\"large\",\"className\":\"is-style-rounded\"} --><\/p>\n<figure class=\"wp-block-image size-large is-resized is-style-rounded\"><strong>\u00a0 \u00a0 \u00a0 \u00a0 \u00a0 \u00a0\u00a0 \u00a0 \u00a0 \u00a0 \u00a0 \u00a0 \u00a0 \u00a0 \u00a0 \u00a0 \u00a0 \u00a0 \u00a0 \u00a0 \u00a0 \u00a0 \u00a0 \u00a0 \u00a0<\/strong><\/figure>\n<p><strong><img decoding=\"async\" loading=\"lazy\" class=\"wp-image-257 aligncenter\" src=\"http:\/\/www.stu-ulkeb\u00f8ldam.dk\/wp-content\/uploads\/2017\/01\/IMG_0353-150x150.jpg\" alt=\"\" width=\"146\" height=\"146\" srcset=\"http:\/\/www.stu-ulkeb\u00f8ldam.dk\/wp-content\/uploads\/2017\/01\/IMG_0353-150x150.jpg 150w, http:\/\/www.stu-ulkeb\u00f8ldam.dk\/wp-content\/uploads\/2017\/01\/IMG_0353-300x298.jpg 300w, http:\/\/www.stu-ulkeb\u00f8ldam.dk\/wp-content\/uploads\/2017\/01\/IMG_0353-768x764.jpg 768w, http:\/\/www.stu-ulkeb\u00f8ldam.dk\/wp-content\/uploads\/2017\/01\/IMG_0353-1024x1019.jpg 1024w, http:\/\/www.stu-ulkeb\u00f8ldam.dk\/wp-content\/uploads\/2017\/01\/IMG_0353.jpg 1980w\" sizes=\"(max-width: 146px) 100vw, 146px\" \/><\/strong><\/p>\n<figure class=\"wp-block-image size-large is-resized is-style-rounded\"><strong>\u00a0 \u00a0 \u00a0 \u00a0 \u00a0 \u00a0 \u00a0 \u00a0 \u00a0 \u00a0 \u00a0 \u00a0 \u00a0 \u00a0 \u00a0 \u00a0 \u00a0 \u00a0 \u00a0 \u00a0 \u00a0 \u00a0 \u00a0 \u00a0 \u00a0 \u00a0 \u00a0 \u00a0 Praktikkoordinator<\/strong><\/figure>\n<figure class=\"wp-block-image size-large is-resized is-style-rounded\"><strong>\u00a0 \u00a0 \u00a0 \u00a0 \u00a0 \u00a0 \u00a0 \u00a0 \u00a0 \u00a0 \u00a0 \u00a0 \u00a0 \u00a0 \u00a0 \u00a0 \u00a0 \u00a0 \u00a0 \u00a0 \u00a0 Funktionsansvarlig\u00a0<\/strong><strong style=\"color: var( --e-global-color-text ); font-family: var( --e-global-typography-text-font-family ), Sans-serif;\">Mona \u00d8stergaard<\/strong><\/figure>\n<p><strong>\u00a0 \u00a0 \u00a0 \u00a0 \u00a0 \u00a0 \u00a0 \u00a0 \u00a0 \u00a0 \u00a0 \u00a0 \u00a0 \u00a0 \u00a0 \u00a0 \u00a0 \u00a0 \u00a0 \u00a0 \u00a0Tlf: 20516635. M<\/strong><strong>ail: moes@fgusyd.dk<\/strong><\/p>\n<figure class=\"wp-block-image size-large is-resized is-style-rounded\"><strong>\u00a0 \u00a0 \u00a0 \u00a0 \u00a0 \u00a0 \u00a0 \u00a0 \u00a0 \u00a0 \u00a0 \u00a0 \u00a0 \u00a0 \u00a0 \u00a0 \u00a0 \u00a0 \u00a0 \u00a0 \u00a0 \u00a0 \u00a0<\/strong><\/figure>\n<p style=\"text-align: center;\"><!-- \/wp:image --><\/p>\n<p style=\"text-align: center;\"><!-- wp:image {\"id\":238,\"width\":168,\"height\":219,\"sizeSlug\":\"large\",\"className\":\"is-style-rounded\"} --><\/p>\n<figure class=\"wp-block-image size-large is-resized is-style-rounded\"><\/figure>\n<p style=\"text-align: center;\"><!-- \/wp:image --><\/p>\n<p style=\"text-align: center;\"><!-- wp:image {\"id\":261,\"width\":167,\"height\":219,\"sizeSlug\":\"large\",\"className\":\"is-style-rounded\"} --><\/p>\n<figure class=\"wp-block-image size-large is-resized is-style-rounded\"><\/figure>\n<p style=\"text-align: center;\"><!-- \/wp:image --><\/p>\n<p style=\"text-align: center;\"><!-- wp:image {\"id\":256,\"width\":167,\"height\":219,\"sizeSlug\":\"large\",\"className\":\"is-style-rounded\"} --><\/p>\n<figure class=\"wp-block-image size-large is-resized is-style-rounded\"><img decoding=\"async\" loading=\"lazy\" class=\"aligncenter wp-image-1773 size-thumbnail\" src=\"http:\/\/www.stu-ulkeb\u00f8ldam.dk\/wp-content\/uploads\/2022\/08\/Jesper-Mortensen-150x150.jpg\" alt=\"\" width=\"150\" height=\"150\" \/>\n<p>\u00a0<\/p>\n<p><strong>\u00a0 \u00a0 \u00a0 \u00a0 \u00a0 \u00a0 \u00a0 \u00a0 \u00a0 \u00a0 \u00a0 \u00a0 \u00a0 \u00a0 \u00a0 \u00a0 \u00a0 \u00a0 \u00a0 \u00a0 \u00a0 \u00a0 Gartner Fagl\u00e6rer Jesper Mortensen<\/strong><\/p>\n<p><strong>\u00a0 \u00a0 \u00a0 \u00a0 \u00a0 \u00a0 \u00a0 \u00a0 \u00a0 \u00a0 \u00a0 \u00a0 \u00a0 \u00a0 \u00a0 \u00a0 \u00a0 \u00a0 \u00a0 \u00a0 \u00a0Tl<\/strong><strong>f: 50895258. M<\/strong><strong>ail: jemo@fgusyd.dk<\/strong><\/p>\n<p><strong>\u00a0<\/strong><\/p>\n<\/figure>\n<p style=\"text-align: center;\"><!-- \/wp:image --><\/p>\n<p style=\"text-align: center;\"><!-- wp:image {\"id\":257,\"width\":167,\"height\":218,\"sizeSlug\":\"large\",\"className\":\"is-style-rounded\"} --><\/p>\n<figure class=\"wp-block-image size-large is-resized is-style-rounded\">\n<p><img decoding=\"async\" loading=\"lazy\" class=\"aligncenter wp-image-1772 size-thumbnail\" src=\"http:\/\/www.stu-ulkeb\u00f8ldam.dk\/wp-content\/uploads\/2022\/08\/Jens-Nissen-150x150.jpg\" alt=\"\" width=\"150\" height=\"150\" \/><\/p>\n<p><strong>\u00a0 \u00a0 \u00a0 \u00a0 \u00a0 \u00a0 \u00a0 \u00a0 \u00a0 \u00a0 \u00a0 \u00a0 \u00a0 \u00a0 \u00a0 \u00a0 \u00a0 \u00a0 \u00a0 \u00a0 \u00a0 \u00a0 \u00a0 \u00a0 Pedel Fagl\u00e6rer Jens Nissen<\/strong><\/p>\n<p><strong>\u00a0 \u00a0 \u00a0 \u00a0 \u00a0 \u00a0 \u00a0 \u00a0 \u00a0 \u00a0 \u00a0 \u00a0 \u00a0 \u00a0 \u00a0 \u00a0 \u00a0 \u00a0 \u00a0 \u00a0 \u00a0Tlf: 29747492. M<\/strong><strong>ail: jesk@fgusyd.dk<\/strong><\/p>\n<p><strong>\u00a0<\/strong><\/p>\n<\/figure>\n<p style=\"text-align: center;\"><!-- \/wp:image --><\/p>\n<p style=\"text-align: center;\"><!-- wp:image {\"id\":260,\"width\":163,\"height\":219,\"sizeSlug\":\"large\",\"className\":\"is-style-rounded\"} --><\/p>\n<figure class=\"wp-block-image size-large is-resized is-style-rounded\"><\/figure>\n<p style=\"text-align: center;\"><!-- \/wp:image --><\/p>\n<p style=\"text-align: center;\"><!-- wp:image {\"id\":641,\"width\":163,\"height\":219,\"sizeSlug\":\"large\",\"className\":\"is-style-rounded\"} --><\/p>\n<figure class=\"wp-block-image size-large is-resized is-style-rounded\"><img decoding=\"async\" loading=\"lazy\" class=\"aligncenter wp-image-641 size-thumbnail\" src=\"http:\/\/www.stu-ulkeb\u00f8ldam.dk\/wp-content\/uploads\/2018\/04\/IMG_31141-e1523272241729-150x150.jpg\" alt=\"\" width=\"150\" height=\"150\" \/>\n<p>\u00a0<\/p>\n<p><strong>\u00a0 \u00a0 \u00a0 \u00a0 \u00a0 \u00a0 \u00a0 \u00a0 \u00a0 \u00a0 \u00a0 \u00a0 \u00a0 \u00a0 \u00a0 \u00a0 \u00a0 \u00a0 \u00a0 \u00a0 \u00a0 \u00a0 \u00a0Metal Fagl\u00e6rer John B J\u00f8rgensen.\u00a0<\/strong><\/p>\n<p><strong>\u00a0 \u00a0 \u00a0 \u00a0 \u00a0 \u00a0 \u00a0 \u00a0 \u00a0 \u00a0 \u00a0 \u00a0 \u00a0 \u00a0 \u00a0 \u00a0 \u00a0 \u00a0 \u00a0 \u00a0 \u00a0 \u00a0 \u00a0Tlf:24912141. M<\/strong><strong>ail:jojo@fgusyd.dk<\/strong><strong>\u00a0<\/strong><\/p>\n<\/figure>\n<p style=\"text-align: center;\"><!-- \/wp:image --><\/p>\n<p style=\"text-align: center;\"><!-- wp:image {\"id\":319,\"width\":164,\"height\":219,\"sizeSlug\":\"large\",\"className\":\"is-style-rounded\"} --><\/p>\n<figure class=\"wp-block-image size-large is-resized is-style-rounded\"><img decoding=\"async\" loading=\"lazy\" class=\"aligncenter wp-image-319 size-thumbnail\" src=\"http:\/\/www.stu-ulkeb\u00f8ldam.dk\/wp-content\/uploads\/2017\/12\/IMG_0591-e1506601165545-225x300-1-150x150.jpg\" alt=\"\" width=\"150\" height=\"150\" \/>\n<p>\u00a0<\/p>\n<p>\u00a0 \u00a0 \u00a0 \u00a0 \u00a0 \u00a0 \u00a0 \u00a0 \u00a0 \u00a0 \u00a0 \u00a0 \u00a0 \u00a0 \u00a0 \u00a0 \u00a0 \u00a0 \u00a0 \u00a0 \u00a0 \u00a0 \u00a0 \u00a0 \u00a0 <strong>\u00a0 \u00a0Boglig Underviser Julia Gehle.\u00a0<\/strong><\/p>\n<p><strong>\u00a0 \u00a0 \u00a0 \u00a0 \u00a0 \u00a0 \u00a0 \u00a0 \u00a0 \u00a0 \u00a0 \u00a0 \u00a0 \u00a0 \u00a0 \u00a0 \u00a0 \u00a0 \u00a0 \u00a0 \u00a0 \u00a0Tlf: 24915480. Mail: juge@fgusyd.dk<\/strong><\/p>\n<figcaption>\n<p><img decoding=\"async\" loading=\"lazy\" class=\"wp-image-1801 aligncenter\" src=\"http:\/\/www.stu-ulkeb\u00f8ldam.dk\/wp-content\/uploads\/2022\/08\/Maja-150x150.jpg\" alt=\"\" width=\"138\" height=\"138\" \/><\/p>\n<p><strong>Kreativ\/glas Fagl\u00e6rer Maja Rugart Sandvei<\/strong><\/p>\n<p><strong>Tlf: 50895299\u00a0<\/strong><strong style=\"font-family: var( --e-global-typography-text-font-family ), Sans-serif;\">Mail: mard@fgusyd.dk<\/strong><\/p>\n<p><strong style=\"font-family: var( --e-global-typography-text-font-family ), Sans-serif;\"><img decoding=\"async\" loading=\"lazy\" class=\" wp-image-1649 aligncenter\" src=\"http:\/\/www.stu-ulkeb\u00f8ldam.dk\/wp-content\/uploads\/2021\/07\/Anders-scaled-e1625135269277-150x150.jpg\" alt=\"\" width=\"130\" height=\"130\" \/><\/strong><strong>Tr\u00e6 Fagl\u00e6rer Anders \u00d8stergaard.\u00a0<\/strong><\/p>\n<p><strong>Tlf: 24 48 09 40\u00a0<\/strong><strong style=\"font-family: var( --e-global-typography-text-font-family ), Sans-serif;\">\u00a0Mail: anoe@fgusyd.dk<\/strong><\/p>\n<p><strong>\u00a0<\/strong><\/p>\n<p><strong> <img decoding=\"async\" loading=\"lazy\" class=\"wp-image-1928 aligncenter\" src=\"http:\/\/www.stu-ulkeb\u00f8ldam.dk\/wp-content\/uploads\/2024\/02\/Lasse-225x300.jpg\" alt=\"\" width=\"113\" height=\"151\" srcset=\"http:\/\/www.stu-ulkeb\u00f8ldam.dk\/wp-content\/uploads\/2024\/02\/Lasse-225x300.jpg 225w, http:\/\/www.stu-ulkeb\u00f8ldam.dk\/wp-content\/uploads\/2024\/02\/Lasse.jpg 480w\" sizes=\"(max-width: 113px) 100vw, 113px\" \/><\/strong><\/p>\n<p><strong>K\u00f8kken Fagl\u00e6rer Lasse Therling<\/strong><\/p>\n<p><b>Tlf: 50959910\u00a0 \u00a0Mail: lath@fgusyd.dk<\/b><\/p>\n<p>\u00a0<\/p>\n<p><strong>\u00a0<\/strong><\/p>\n<\/figcaption>\n<figcaption><\/figcaption>\n<figcaption><strong style=\"font-family: var( --e-global-typography-text-font-family ), Sans-serif;\">\u00a0<\/strong><\/figcaption>\n<figcaption><strong style=\"font-family: var( --e-global-typography-text-font-family ), Sans-serif;\">\u00a0<\/strong><\/figcaption>\n<figcaption><\/figcaption>\n<figcaption><\/figcaption>\n<figcaption><\/figcaption>\n<\/figure>\n<p><!-- \/wp:image --><\/p>\n<p><!-- wp:image {\"id\":1647,\"sizeSlug\":\"large\"} --><\/p>\n<figure class=\"wp-block-image size-large\"><\/figure>\n<p><!-- \/wp:image --><\/p>\t\t\t\t\t<\/div>\n\t\t\t\t\t\t<\/div>\n\t\t\t\t<\/div>\n\t\t\t\t<div class=\"elementor-element elementor-element-3d44486 elementor-widget elementor-widget-text-editor\" data-id=\"3d44486\" data-element_type=\"widget\" data-widget_type=\"text-editor.default\">\n\t\t\t\t<div class=\"elementor-widget-container\">\n\t\t\t\t\t\t\t\t<div class=\"elementor-text-editor elementor-clearfix\">\n\t\t\t\t\t\t\t\t\t<\/div>\n\t\t\t\t\t\t<\/div>\n\t\t\t\t<\/div>\n\t\t\t\t<div class=\"elementor-element elementor-element-e704972 elementor-widget elementor-widget-text-editor\" data-id=\"e704972\" data-element_type=\"widget\" data-widget_type=\"text-editor.default\">\n\t\t\t\t<div class=\"elementor-widget-container\">\n\t\t\t\t\t\t\t\t<div class=\"elementor-text-editor elementor-clearfix\">\n\t\t\t\t\t\t\t\t\t<\/div>\n\t\t\t\t\t\t<\/div>\n\t\t\t\t<\/div>\n\t\t\t\t<div class=\"elementor-element elementor-element-644210d elementor-widget elementor-widget-text-editor\" data-id=\"644210d\" data-element_type=\"widget\" data-widget_type=\"text-editor.default\">\n\t\t\t\t<div class=\"elementor-widget-container\">\n\t\t\t\t\t\t\t\t<div class=\"elementor-text-editor elementor-clearfix\">\n\t\t\t\t\t\t\t\t\t<\/div>\n\t\t\t\t\t\t<\/div>\n\t\t\t\t<\/div>\n\t\t\t\t<div class=\"elementor-element elementor-element-c4466c6 elementor-widget elementor-widget-text-editor\" data-id=\"c4466c6\" data-element_type=\"widget\" data-widget_type=\"text-editor.default\">\n\t\t\t\t<div class=\"elementor-widget-container\">\n\t\t\t\t\t\t\t\t<div class=\"elementor-text-editor elementor-clearfix\">\n\t\t\t\t<h4>\u00a0<\/h4>\n<figure class=\"wp-block-image size-large is-resized is-style-rounded\"><\/figure>\n<p><!-- \/wp:image --><\/p>\n<p><!-- wp:image {\"id\":1647,\"sizeSlug\":\"large\"} --><\/p>\n<figure class=\"wp-block-image size-large\"><\/figure>\n<p><!-- \/wp:image --><\/p>\t\t\t\t\t<\/div>\n\t\t\t\t\t\t<\/div>\n\t\t\t\t<\/div>\n\t\t\t\t<div class=\"elementor-element elementor-element-34c86e3 elementor-widget elementor-widget-text-editor\" data-id=\"34c86e3\" data-element_type=\"widget\" data-widget_type=\"text-editor.default\">\n\t\t\t\t<div class=\"elementor-widget-container\">\n\t\t\t\t\t\t\t\t<div class=\"elementor-text-editor elementor-clearfix\">\n\t\t\t\t<h4>\u00a0<\/h4>\n<figure class=\"wp-block-image size-large is-resized is-style-rounded\"><\/figure>\n<p><!-- \/wp:image --><\/p>\n<p><!-- wp:image {\"id\":1647,\"sizeSlug\":\"large\"} --><\/p>\n<figure class=\"wp-block-image size-large\"><\/figure>\n<p><!-- \/wp:image --><\/p>\t\t\t\t\t<\/div>\n\t\t\t\t\t\t<\/div>\n\t\t\t\t<\/div>\n\t\t\t\t\t\t<\/div>\n\t\t\t\t\t<\/div>\n\t\t<\/div>\n\t\t\t\t\t\t\t\t<\/div>\n\t\t\t\t\t<\/div>\n\t\t<\/section>\n\t\t\t\t\t\t\t\t\t<\/div>\n\t\t\t<\/div>\n\t\t\t\t\t<\/div>\n\t\t ","protected":false},"excerpt":{"rendered":"<p>\u00a0 Adressen: Ulkeb\u00f8ldam 8. 6400 S\u00f8nderborg. Hovednummer til STU: 23 66 28 04 Hovedmail\u00a0 til STU er: sikkerpoststu@fgusyd.dk \u00a0 Personalet: \u00a0 \u00a0 \u00a0 \u00a0 \u00a0 \u00a0 \u00a0 \u00a0 \u00a0 \u00a0 \u00a0 \u00a0 \u00a0 \u00a0 \u00a0 \u00a0 \u00a0 \u00a0 \u00a0 \u00a0 \u00a0 \u00a0 \u00a0 \u00a0 \u00a0Skoleleder Bent Brinckmann.\u00a0 \u00a0 \u00a0 \u00a0 \u00a0 \u00a0 \u00a0 \u00a0 \u00a0 &hellip; <a href=\"http:\/\/www.stu-ulkeb\u00f8ldam.dk\/?page_id=404\" class=\"more-link\">L\u00e6s videre <span class=\"screen-reader-text\">Kontakt<\/span> <span class=\"meta-nav\">&rarr;<\/span><\/a><\/p>\n","protected":false},"author":3,"featured_media":0,"parent":0,"menu_order":0,"comment_status":"closed","ping_status":"closed","template":"","meta":[],"yoast_head":"<!-- This site is optimized with the Yoast SEO plugin v19.4 - https:\/\/yoast.com\/wordpress\/plugins\/seo\/ -->\n<title>Kontakt - STU-Ulkeb\u00f8ldam<\/title>\n<meta name=\"robots\" content=\"index, follow, max-snippet:-1, max-image-preview:large, max-video-preview:-1\" \/>\n<link rel=\"canonical\" href=\"http:\/\/www.stu-ulkeb\u00f8ldam.dk\/?page_id=404\" \/>\n<meta property=\"og:locale\" content=\"da_DK\" \/>\n<meta property=\"og:type\" content=\"article\" \/>\n<meta property=\"og:title\" content=\"Kontakt - STU-Ulkeb\u00f8ldam\" \/>\n<meta property=\"og:description\" content=\"\u00a0 Adressen: Ulkeb\u00f8ldam 8. 6400 S\u00f8nderborg. Hovednummer til STU: 23 66 28 04 Hovedmail\u00a0 til STU er: sikkerpoststu@fgusyd.dk \u00a0 Personalet: \u00a0 \u00a0 \u00a0 \u00a0 \u00a0 \u00a0 \u00a0 \u00a0 \u00a0 \u00a0 \u00a0 \u00a0 \u00a0 \u00a0 \u00a0 \u00a0 \u00a0 \u00a0 \u00a0 \u00a0 \u00a0 \u00a0 \u00a0 \u00a0 \u00a0Skoleleder Bent Brinckmann.\u00a0 \u00a0 \u00a0 \u00a0 \u00a0 \u00a0 \u00a0 \u00a0 \u00a0 &hellip; L\u00e6s videre Kontakt &rarr;\" \/>\n<meta property=\"og:url\" content=\"http:\/\/www.stu-ulkeb\u00f8ldam.dk\/?page_id=404\" \/>\n<meta property=\"og:site_name\" content=\"STU-Ulkeb\u00f8ldam\" \/>\n<meta property=\"article:publisher\" content=\"https:\/\/www.facebook.com\/groups\/673942635972726\/?fb_dtsg_ag=AdzoCEilAgSGtsBHsmtxuVQO3YB6z-Pa5QD7Rcccj841Qw%3aAdyhV7ar_ltBh-a1YSIPE8AWSyLJVrhmrhn91Vnn_KF1Tw\" \/>\n<meta property=\"article:modified_time\" content=\"2024-11-08T10:01:13+00:00\" \/>\n<meta name=\"twitter:card\" content=\"summary_large_image\" \/>\n<meta name=\"twitter:label1\" content=\"Estimeret l\u00e6setid\" \/>\n\t<meta name=\"twitter:data1\" content=\"4 minutter\" \/>\n<script type=\"application\/ld+json\" class=\"yoast-schema-graph\">{\"@context\":\"https:\/\/schema.org\",\"@graph\":[{\"@type\":\"Organization\",\"@id\":\"http:\/\/www.stu-ulkeb\u00f8ldam.dk\/#organization\",\"name\":\"STU-Ulkeb\u00f8ldam\",\"url\":\"http:\/\/www.stu-ulkeb\u00f8ldam.dk\/\",\"sameAs\":[\"https:\/\/www.facebook.com\/groups\/673942635972726\/?fb_dtsg_ag=AdzoCEilAgSGtsBHsmtxuVQO3YB6z-Pa5QD7Rcccj841Qw:AdyhV7ar_ltBh-a1YSIPE8AWSyLJVrhmrhn91Vnn_KF1Tw\"],\"logo\":{\"@type\":\"ImageObject\",\"inLanguage\":\"da-DK\",\"@id\":\"http:\/\/www.stu-ulkeb\u00f8ldam.dk\/#\/schema\/logo\/image\/\",\"url\":\"http:\/\/www.stu-ulkeb\u00f8ldam.dk\/wp-content\/uploads\/2018\/01\/IMG_2749.jpg\",\"contentUrl\":\"http:\/\/www.stu-ulkeb\u00f8ldam.dk\/wp-content\/uploads\/2018\/01\/IMG_2749.jpg\",\"width\":4032,\"height\":3024,\"caption\":\"STU-Ulkeb\u00f8ldam\"},\"image\":{\"@id\":\"http:\/\/www.stu-ulkeb\u00f8ldam.dk\/#\/schema\/logo\/image\/\"}},{\"@type\":\"WebSite\",\"@id\":\"http:\/\/www.stu-ulkeb\u00f8ldam.dk\/#website\",\"url\":\"http:\/\/www.stu-ulkeb\u00f8ldam.dk\/\",\"name\":\"STU-Ulkeb\u00f8ldam\",\"description\":\"Unge med s\u00e6rlige behov\",\"publisher\":{\"@id\":\"http:\/\/www.stu-ulkeb\u00f8ldam.dk\/#organization\"},\"potentialAction\":[{\"@type\":\"SearchAction\",\"target\":{\"@type\":\"EntryPoint\",\"urlTemplate\":\"http:\/\/www.stu-ulkeb\u00f8ldam.dk\/?s={search_term_string}\"},\"query-input\":\"required name=search_term_string\"}],\"inLanguage\":\"da-DK\"},{\"@type\":\"WebPage\",\"@id\":\"http:\/\/www.stu-ulkeb\u00f8ldam.dk\/?page_id=404\",\"url\":\"http:\/\/www.stu-ulkeb\u00f8ldam.dk\/?page_id=404\",\"name\":\"Kontakt - STU-Ulkeb\u00f8ldam\",\"isPartOf\":{\"@id\":\"http:\/\/www.stu-ulkeb\u00f8ldam.dk\/#website\"},\"datePublished\":\"2018-01-22T13:53:45+00:00\",\"dateModified\":\"2024-11-08T10:01:13+00:00\",\"breadcrumb\":{\"@id\":\"http:\/\/www.stu-ulkeb\u00f8ldam.dk\/?page_id=404#breadcrumb\"},\"inLanguage\":\"da-DK\",\"potentialAction\":[{\"@type\":\"ReadAction\",\"target\":[\"http:\/\/www.stu-ulkeb\u00f8ldam.dk\/?page_id=404\"]}]},{\"@type\":\"BreadcrumbList\",\"@id\":\"http:\/\/www.stu-ulkeb\u00f8ldam.dk\/?page_id=404#breadcrumb\",\"itemListElement\":[{\"@type\":\"ListItem\",\"position\":1,\"name\":\"Hjem\",\"item\":\"http:\/\/www.stu-ulkeb\u00f8ldam.dk\/\"},{\"@type\":\"ListItem\",\"position\":2,\"name\":\"Kontakt\"}]}]}<\/script>\n<!-- \/ Yoast SEO plugin. -->","yoast_head_json":{"title":"Kontakt - STU-Ulkeb\u00f8ldam","robots":{"index":"index","follow":"follow","max-snippet":"max-snippet:-1","max-image-preview":"max-image-preview:large","max-video-preview":"max-video-preview:-1"},"canonical":"http:\/\/www.stu-ulkeb\u00f8ldam.dk\/?page_id=404","og_locale":"da_DK","og_type":"article","og_title":"Kontakt - STU-Ulkeb\u00f8ldam","og_description":"\u00a0 Adressen: Ulkeb\u00f8ldam 8. 6400 S\u00f8nderborg. Hovednummer til STU: 23 66 28 04 Hovedmail\u00a0 til STU er: sikkerpoststu@fgusyd.dk \u00a0 Personalet: \u00a0 \u00a0 \u00a0 \u00a0 \u00a0 \u00a0 \u00a0 \u00a0 \u00a0 \u00a0 \u00a0 \u00a0 \u00a0 \u00a0 \u00a0 \u00a0 \u00a0 \u00a0 \u00a0 \u00a0 \u00a0 \u00a0 \u00a0 \u00a0 \u00a0Skoleleder Bent Brinckmann.\u00a0 \u00a0 \u00a0 \u00a0 \u00a0 \u00a0 \u00a0 \u00a0 \u00a0 &hellip; L\u00e6s videre Kontakt &rarr;","og_url":"http:\/\/www.stu-ulkeb\u00f8ldam.dk\/?page_id=404","og_site_name":"STU-Ulkeb\u00f8ldam","article_publisher":"https:\/\/www.facebook.com\/groups\/673942635972726\/?fb_dtsg_ag=AdzoCEilAgSGtsBHsmtxuVQO3YB6z-Pa5QD7Rcccj841Qw%3aAdyhV7ar_ltBh-a1YSIPE8AWSyLJVrhmrhn91Vnn_KF1Tw","article_modified_time":"2024-11-08T10:01:13+00:00","twitter_card":"summary_large_image","twitter_misc":{"Estimeret l\u00e6setid":"4 minutter"},"schema":{"@context":"https:\/\/schema.org","@graph":[{"@type":"Organization","@id":"http:\/\/www.stu-ulkeb\u00f8ldam.dk\/#organization","name":"STU-Ulkeb\u00f8ldam","url":"http:\/\/www.stu-ulkeb\u00f8ldam.dk\/","sameAs":["https:\/\/www.facebook.com\/groups\/673942635972726\/?fb_dtsg_ag=AdzoCEilAgSGtsBHsmtxuVQO3YB6z-Pa5QD7Rcccj841Qw:AdyhV7ar_ltBh-a1YSIPE8AWSyLJVrhmrhn91Vnn_KF1Tw"],"logo":{"@type":"ImageObject","inLanguage":"da-DK","@id":"http:\/\/www.stu-ulkeb\u00f8ldam.dk\/#\/schema\/logo\/image\/","url":"http:\/\/www.stu-ulkeb\u00f8ldam.dk\/wp-content\/uploads\/2018\/01\/IMG_2749.jpg","contentUrl":"http:\/\/www.stu-ulkeb\u00f8ldam.dk\/wp-content\/uploads\/2018\/01\/IMG_2749.jpg","width":4032,"height":3024,"caption":"STU-Ulkeb\u00f8ldam"},"image":{"@id":"http:\/\/www.stu-ulkeb\u00f8ldam.dk\/#\/schema\/logo\/image\/"}},{"@type":"WebSite","@id":"http:\/\/www.stu-ulkeb\u00f8ldam.dk\/#website","url":"http:\/\/www.stu-ulkeb\u00f8ldam.dk\/","name":"STU-Ulkeb\u00f8ldam","description":"Unge med s\u00e6rlige behov","publisher":{"@id":"http:\/\/www.stu-ulkeb\u00f8ldam.dk\/#organization"},"potentialAction":[{"@type":"SearchAction","target":{"@type":"EntryPoint","urlTemplate":"http:\/\/www.stu-ulkeb\u00f8ldam.dk\/?s={search_term_string}"},"query-input":"required name=search_term_string"}],"inLanguage":"da-DK"},{"@type":"WebPage","@id":"http:\/\/www.stu-ulkeb\u00f8ldam.dk\/?page_id=404","url":"http:\/\/www.stu-ulkeb\u00f8ldam.dk\/?page_id=404","name":"Kontakt - STU-Ulkeb\u00f8ldam","isPartOf":{"@id":"http:\/\/www.stu-ulkeb\u00f8ldam.dk\/#website"},"datePublished":"2018-01-22T13:53:45+00:00","dateModified":"2024-11-08T10:01:13+00:00","breadcrumb":{"@id":"http:\/\/www.stu-ulkeb\u00f8ldam.dk\/?page_id=404#breadcrumb"},"inLanguage":"da-DK","potentialAction":[{"@type":"ReadAction","target":["http:\/\/www.stu-ulkeb\u00f8ldam.dk\/?page_id=404"]}]},{"@type":"BreadcrumbList","@id":"http:\/\/www.stu-ulkeb\u00f8ldam.dk\/?page_id=404#breadcrumb","itemListElement":[{"@type":"ListItem","position":1,"name":"Hjem","item":"http:\/\/www.stu-ulkeb\u00f8ldam.dk\/"},{"@type":"ListItem","position":2,"name":"Kontakt"}]}]}},"_links":{"self":[{"href":"http:\/\/www.stu-ulkeb\u00f8ldam.dk\/index.php?rest_route=\/wp\/v2\/pages\/404"}],"collection":[{"href":"http:\/\/www.stu-ulkeb\u00f8ldam.dk\/index.php?rest_route=\/wp\/v2\/pages"}],"about":[{"href":"http:\/\/www.stu-ulkeb\u00f8ldam.dk\/index.php?rest_route=\/wp\/v2\/types\/page"}],"author":[{"embeddable":true,"href":"http:\/\/www.stu-ulkeb\u00f8ldam.dk\/index.php?rest_route=\/wp\/v2\/users\/3"}],"replies":[{"embeddable":true,"href":"http:\/\/www.stu-ulkeb\u00f8ldam.dk\/index.php?rest_route=%2Fwp%2Fv2%2Fcomments&post=404"}],"version-history":[{"count":141,"href":"http:\/\/www.stu-ulkeb\u00f8ldam.dk\/index.php?rest_route=\/wp\/v2\/pages\/404\/revisions"}],"predecessor-version":[{"id":1982,"href":"http:\/\/www.stu-ulkeb\u00f8ldam.dk\/index.php?rest_route=\/wp\/v2\/pages\/404\/revisions\/1982"}],"wp:attachment":[{"href":"http:\/\/www.stu-ulkeb\u00f8ldam.dk\/index.php?rest_route=%2Fwp%2Fv2%2Fmedia&parent=404"}],"curies":[{"name":"wp","href":"https:\/\/api.w.org\/{rel}","templated":true}]}}