{"id":19,"date":"2017-01-02T13:15:29","date_gmt":"2017-01-02T13:15:29","guid":{"rendered":"http:\/\/33a4b7a57288598749e1fd58451a206ece846184.web10.temporaryurl.org\/?page_id=19"},"modified":"2018-02-09T13:32:59","modified_gmt":"2018-02-09T13:32:59","slug":"skolen","status":"publish","type":"page","link":"http:\/\/www.stu-ulkeb\u00f8ldam.dk\/?page_id=19","title":{"rendered":"Skolen"},"content":{"rendered":"<table border=\"0\" width=\"960\" cellspacing=\"0\" cellpadding=\"0\">\n<tbody>\n<tr>\n<td align=\"left\" valign=\"top\" width=\"470\">&nbsp;<\/p>\n<p><strong>Geografisk beliggenhed<\/strong><\/p>\n<p>Uddannelsen foreg\u00e5r p\u00e5 Ulkeb\u00f8ldam 8\u00a0i S\u00f8nderborg i en kombineret erhvervs- og boligejendom.<br \/>\nDen ligger s\u00e5 der er\u00a0offentlig transport til skolen.<br \/>\nSTU-Ulkeb\u00f8ldam\u00a0er en IDV under\u00a0<a href=\"http:\/\/www.s-p-h.dk\/\">S\u00f8nderborg Produktionsh\u00f8jskole<\/a>.<\/p>\n<h5><strong>Fysiske Rammer<\/strong><\/h5>\n<p><u>Erhvervsafdelingen indeholder:<br \/>\n<\/u>V\u00e6rksteder, kontor og undervisningslokaler.<br \/>\nErhvervsafdelingens v\u00e6rksteder giver ideelle muligheder for tr\u00e6ning af erhvervsrettede aktiviteter igennem uddannelsesforl\u00f8bet i form af::<\/p>\n<p>&nbsp;<\/p>\n<p>MONTAGEV\u00c6RKSTED (Produktionslignende opgaver)<\/p>\n<p>CYKEL- &amp; MOTORV\u00c6RKSTED (V\u00e6rkstedsrelaterede opgaver &#8211; enkle h\u00e5ndv\u00e6rksm\u00e6ssige f\u00e6rdigheder, vedligehold af maskiner.)<\/p>\n<p>GLAS- &amp; handel (Glasmageri, salg af egne produkter)<\/p>\n<p>KREATIV V\u00e6rksted\u00a0(Kreative fag \u2013\u00a0 \u00e5rstidens dekorationer og udsmykning, syning og reparationer.)<\/p>\n<p>TR\u00c6 v\u00e6rksted ( F.eks. fuglekasser, fodrebr\u00e6tter, mv.)<\/p>\n<p>PEDEL v\u00e6rksted: ( Vedligehold af bygninger, forefaldendt pedelarbejde)<\/p>\n<p>GARTNER v\u00e6rksted (Vedligehold af gr\u00f8nne omr\u00e5der, \u00f8kologisk tankeforst\u00e5else\/dyrkning.)<\/p>\n<p><u>Udenomsarealer:<br \/>\n<\/u>Best\u00e5r af g\u00e5rdsplads, forhave baghave, terrasser, stort v\u00e6ksthus, stor k\u00f8kkenhave.<\/p>\n<p><u>Boligen er en stor villa p\u00e5 300\u00a0m2.<\/u><\/p>\n<p>Stueetagen indeholder stort bryggers, stort k\u00f8kken, spisestue og toilet\/bad.<\/p>\n<p>F\u00f8rste salen rummer Kreativ v\u00e6rksted samt den boglige\u00a0undervisning.<br \/>\nDer ud over er der toilet\/bad.<\/p>\n<p>Boligen giver muligheden for et reelt botr\u00e6ningstilbud og kan rumme fagene:<\/p>\n<ul>\n<li>\u00d8konomi<\/li>\n<li>Husholdning<\/li>\n<li>Kommunikation<\/li>\n<li>Selvst\u00e6ndig livsf\u00f8relse<\/li>\n<li>Botr\u00e6ning<\/li>\n<li>Basisproduktion med rum til samtale<\/li>\n<li>Samfundsfag<\/li>\n<li>IT<\/li>\n<li>Dansk\/Matematik<\/li>\n<li>Kultur forst\u00e5else<\/li>\n<\/ul>\n<\/td>\n<\/tr>\n<\/tbody>\n<\/table>\n ","protected":false},"excerpt":{"rendered":"<p>&nbsp; Geografisk beliggenhed Uddannelsen foreg\u00e5r p\u00e5 Ulkeb\u00f8ldam 8\u00a0i S\u00f8nderborg i en kombineret erhvervs- og boligejendom. Den ligger s\u00e5 der er\u00a0offentlig transport til skolen. STU-Ulkeb\u00f8ldam\u00a0er en IDV under\u00a0S\u00f8nderborg Produktionsh\u00f8jskole. Fysiske Rammer Erhvervsafdelingen indeholder: V\u00e6rksteder, kontor og undervisningslokaler. Erhvervsafdelingens v\u00e6rksteder giver ideelle muligheder for tr\u00e6ning af erhvervsrettede aktiviteter igennem uddannelsesforl\u00f8bet i form af:: &nbsp; MONTAGEV\u00c6RKSTED (Produktionslignende opgaver) &hellip; <a href=\"http:\/\/www.stu-ulkeb\u00f8ldam.dk\/?page_id=19\" class=\"more-link\">L\u00e6s videre <span class=\"screen-reader-text\">Skolen<\/span> <span class=\"meta-nav\">&rarr;<\/span><\/a><\/p>\n","protected":false},"author":1,"featured_media":0,"parent":0,"menu_order":0,"comment_status":"closed","ping_status":"closed","template":"","meta":[],"yoast_head":"<!-- This site is optimized with the Yoast SEO plugin v19.4 - https:\/\/yoast.com\/wordpress\/plugins\/seo\/ -->\n<title>Skolen - STU-Ulkeb\u00f8ldam<\/title>\n<meta name=\"robots\" content=\"index, follow, max-snippet:-1, max-image-preview:large, max-video-preview:-1\" \/>\n<link rel=\"canonical\" href=\"http:\/\/www.stu-ulkeb\u00f8ldam.dk\/?page_id=19\" \/>\n<meta property=\"og:locale\" content=\"da_DK\" \/>\n<meta property=\"og:type\" content=\"article\" \/>\n<meta property=\"og:title\" content=\"Skolen - STU-Ulkeb\u00f8ldam\" \/>\n<meta property=\"og:description\" content=\"&nbsp; Geografisk beliggenhed Uddannelsen foreg\u00e5r p\u00e5 Ulkeb\u00f8ldam 8\u00a0i S\u00f8nderborg i en kombineret erhvervs- og boligejendom. Den ligger s\u00e5 der er\u00a0offentlig transport til skolen. STU-Ulkeb\u00f8ldam\u00a0er en IDV under\u00a0S\u00f8nderborg Produktionsh\u00f8jskole. Fysiske Rammer Erhvervsafdelingen indeholder: V\u00e6rksteder, kontor og undervisningslokaler. Erhvervsafdelingens v\u00e6rksteder giver ideelle muligheder for tr\u00e6ning af erhvervsrettede aktiviteter igennem uddannelsesforl\u00f8bet i form af:: &nbsp; MONTAGEV\u00c6RKSTED (Produktionslignende opgaver) &hellip; L\u00e6s videre Skolen &rarr;\" \/>\n<meta property=\"og:url\" content=\"http:\/\/www.stu-ulkeb\u00f8ldam.dk\/?page_id=19\" \/>\n<meta property=\"og:site_name\" content=\"STU-Ulkeb\u00f8ldam\" \/>\n<meta property=\"article:publisher\" content=\"https:\/\/www.facebook.com\/groups\/673942635972726\/?fb_dtsg_ag=AdzoCEilAgSGtsBHsmtxuVQO3YB6z-Pa5QD7Rcccj841Qw%3aAdyhV7ar_ltBh-a1YSIPE8AWSyLJVrhmrhn91Vnn_KF1Tw\" \/>\n<meta property=\"article:modified_time\" content=\"2018-02-09T13:32:59+00:00\" \/>\n<meta name=\"twitter:card\" content=\"summary_large_image\" \/>\n<meta name=\"twitter:label1\" content=\"Estimeret l\u00e6setid\" \/>\n\t<meta name=\"twitter:data1\" content=\"1 minut\" \/>\n<script type=\"application\/ld+json\" class=\"yoast-schema-graph\">{\"@context\":\"https:\/\/schema.org\",\"@graph\":[{\"@type\":\"Organization\",\"@id\":\"http:\/\/www.stu-ulkeb\u00f8ldam.dk\/#organization\",\"name\":\"STU-Ulkeb\u00f8ldam\",\"url\":\"http:\/\/www.stu-ulkeb\u00f8ldam.dk\/\",\"sameAs\":[\"https:\/\/www.facebook.com\/groups\/673942635972726\/?fb_dtsg_ag=AdzoCEilAgSGtsBHsmtxuVQO3YB6z-Pa5QD7Rcccj841Qw:AdyhV7ar_ltBh-a1YSIPE8AWSyLJVrhmrhn91Vnn_KF1Tw\"],\"logo\":{\"@type\":\"ImageObject\",\"inLanguage\":\"da-DK\",\"@id\":\"http:\/\/www.stu-ulkeb\u00f8ldam.dk\/#\/schema\/logo\/image\/\",\"url\":\"http:\/\/www.stu-ulkeb\u00f8ldam.dk\/wp-content\/uploads\/2018\/01\/IMG_2749.jpg\",\"contentUrl\":\"http:\/\/www.stu-ulkeb\u00f8ldam.dk\/wp-content\/uploads\/2018\/01\/IMG_2749.jpg\",\"width\":4032,\"height\":3024,\"caption\":\"STU-Ulkeb\u00f8ldam\"},\"image\":{\"@id\":\"http:\/\/www.stu-ulkeb\u00f8ldam.dk\/#\/schema\/logo\/image\/\"}},{\"@type\":\"WebSite\",\"@id\":\"http:\/\/www.stu-ulkeb\u00f8ldam.dk\/#website\",\"url\":\"http:\/\/www.stu-ulkeb\u00f8ldam.dk\/\",\"name\":\"STU-Ulkeb\u00f8ldam\",\"description\":\"Unge med s\u00e6rlige behov\",\"publisher\":{\"@id\":\"http:\/\/www.stu-ulkeb\u00f8ldam.dk\/#organization\"},\"potentialAction\":[{\"@type\":\"SearchAction\",\"target\":{\"@type\":\"EntryPoint\",\"urlTemplate\":\"http:\/\/www.stu-ulkeb\u00f8ldam.dk\/?s={search_term_string}\"},\"query-input\":\"required name=search_term_string\"}],\"inLanguage\":\"da-DK\"},{\"@type\":\"WebPage\",\"@id\":\"http:\/\/www.stu-ulkeb\u00f8ldam.dk\/?page_id=19\",\"url\":\"http:\/\/www.stu-ulkeb\u00f8ldam.dk\/?page_id=19\",\"name\":\"Skolen - STU-Ulkeb\u00f8ldam\",\"isPartOf\":{\"@id\":\"http:\/\/www.stu-ulkeb\u00f8ldam.dk\/#website\"},\"datePublished\":\"2017-01-02T13:15:29+00:00\",\"dateModified\":\"2018-02-09T13:32:59+00:00\",\"breadcrumb\":{\"@id\":\"http:\/\/www.stu-ulkeb\u00f8ldam.dk\/?page_id=19#breadcrumb\"},\"inLanguage\":\"da-DK\",\"potentialAction\":[{\"@type\":\"ReadAction\",\"target\":[\"http:\/\/www.stu-ulkeb\u00f8ldam.dk\/?page_id=19\"]}]},{\"@type\":\"BreadcrumbList\",\"@id\":\"http:\/\/www.stu-ulkeb\u00f8ldam.dk\/?page_id=19#breadcrumb\",\"itemListElement\":[{\"@type\":\"ListItem\",\"position\":1,\"name\":\"Hjem\",\"item\":\"http:\/\/www.stu-ulkeb\u00f8ldam.dk\/\"},{\"@type\":\"ListItem\",\"position\":2,\"name\":\"Skolen\"}]}]}<\/script>\n<!-- \/ Yoast SEO plugin. -->","yoast_head_json":{"title":"Skolen - STU-Ulkeb\u00f8ldam","robots":{"index":"index","follow":"follow","max-snippet":"max-snippet:-1","max-image-preview":"max-image-preview:large","max-video-preview":"max-video-preview:-1"},"canonical":"http:\/\/www.stu-ulkeb\u00f8ldam.dk\/?page_id=19","og_locale":"da_DK","og_type":"article","og_title":"Skolen - STU-Ulkeb\u00f8ldam","og_description":"&nbsp; Geografisk beliggenhed Uddannelsen foreg\u00e5r p\u00e5 Ulkeb\u00f8ldam 8\u00a0i S\u00f8nderborg i en kombineret erhvervs- og boligejendom. Den ligger s\u00e5 der er\u00a0offentlig transport til skolen. STU-Ulkeb\u00f8ldam\u00a0er en IDV under\u00a0S\u00f8nderborg Produktionsh\u00f8jskole. Fysiske Rammer Erhvervsafdelingen indeholder: V\u00e6rksteder, kontor og undervisningslokaler. Erhvervsafdelingens v\u00e6rksteder giver ideelle muligheder for tr\u00e6ning af erhvervsrettede aktiviteter igennem uddannelsesforl\u00f8bet i form af:: &nbsp; MONTAGEV\u00c6RKSTED (Produktionslignende opgaver) &hellip; L\u00e6s videre Skolen &rarr;","og_url":"http:\/\/www.stu-ulkeb\u00f8ldam.dk\/?page_id=19","og_site_name":"STU-Ulkeb\u00f8ldam","article_publisher":"https:\/\/www.facebook.com\/groups\/673942635972726\/?fb_dtsg_ag=AdzoCEilAgSGtsBHsmtxuVQO3YB6z-Pa5QD7Rcccj841Qw%3aAdyhV7ar_ltBh-a1YSIPE8AWSyLJVrhmrhn91Vnn_KF1Tw","article_modified_time":"2018-02-09T13:32:59+00:00","twitter_card":"summary_large_image","twitter_misc":{"Estimeret l\u00e6setid":"1 minut"},"schema":{"@context":"https:\/\/schema.org","@graph":[{"@type":"Organization","@id":"http:\/\/www.stu-ulkeb\u00f8ldam.dk\/#organization","name":"STU-Ulkeb\u00f8ldam","url":"http:\/\/www.stu-ulkeb\u00f8ldam.dk\/","sameAs":["https:\/\/www.facebook.com\/groups\/673942635972726\/?fb_dtsg_ag=AdzoCEilAgSGtsBHsmtxuVQO3YB6z-Pa5QD7Rcccj841Qw:AdyhV7ar_ltBh-a1YSIPE8AWSyLJVrhmrhn91Vnn_KF1Tw"],"logo":{"@type":"ImageObject","inLanguage":"da-DK","@id":"http:\/\/www.stu-ulkeb\u00f8ldam.dk\/#\/schema\/logo\/image\/","url":"http:\/\/www.stu-ulkeb\u00f8ldam.dk\/wp-content\/uploads\/2018\/01\/IMG_2749.jpg","contentUrl":"http:\/\/www.stu-ulkeb\u00f8ldam.dk\/wp-content\/uploads\/2018\/01\/IMG_2749.jpg","width":4032,"height":3024,"caption":"STU-Ulkeb\u00f8ldam"},"image":{"@id":"http:\/\/www.stu-ulkeb\u00f8ldam.dk\/#\/schema\/logo\/image\/"}},{"@type":"WebSite","@id":"http:\/\/www.stu-ulkeb\u00f8ldam.dk\/#website","url":"http:\/\/www.stu-ulkeb\u00f8ldam.dk\/","name":"STU-Ulkeb\u00f8ldam","description":"Unge med s\u00e6rlige behov","publisher":{"@id":"http:\/\/www.stu-ulkeb\u00f8ldam.dk\/#organization"},"potentialAction":[{"@type":"SearchAction","target":{"@type":"EntryPoint","urlTemplate":"http:\/\/www.stu-ulkeb\u00f8ldam.dk\/?s={search_term_string}"},"query-input":"required name=search_term_string"}],"inLanguage":"da-DK"},{"@type":"WebPage","@id":"http:\/\/www.stu-ulkeb\u00f8ldam.dk\/?page_id=19","url":"http:\/\/www.stu-ulkeb\u00f8ldam.dk\/?page_id=19","name":"Skolen - STU-Ulkeb\u00f8ldam","isPartOf":{"@id":"http:\/\/www.stu-ulkeb\u00f8ldam.dk\/#website"},"datePublished":"2017-01-02T13:15:29+00:00","dateModified":"2018-02-09T13:32:59+00:00","breadcrumb":{"@id":"http:\/\/www.stu-ulkeb\u00f8ldam.dk\/?page_id=19#breadcrumb"},"inLanguage":"da-DK","potentialAction":[{"@type":"ReadAction","target":["http:\/\/www.stu-ulkeb\u00f8ldam.dk\/?page_id=19"]}]},{"@type":"BreadcrumbList","@id":"http:\/\/www.stu-ulkeb\u00f8ldam.dk\/?page_id=19#breadcrumb","itemListElement":[{"@type":"ListItem","position":1,"name":"Hjem","item":"http:\/\/www.stu-ulkeb\u00f8ldam.dk\/"},{"@type":"ListItem","position":2,"name":"Skolen"}]}]}},"_links":{"self":[{"href":"http:\/\/www.stu-ulkeb\u00f8ldam.dk\/index.php?rest_route=\/wp\/v2\/pages\/19"}],"collection":[{"href":"http:\/\/www.stu-ulkeb\u00f8ldam.dk\/index.php?rest_route=\/wp\/v2\/pages"}],"about":[{"href":"http:\/\/www.stu-ulkeb\u00f8ldam.dk\/index.php?rest_route=\/wp\/v2\/types\/page"}],"author":[{"embeddable":true,"href":"http:\/\/www.stu-ulkeb\u00f8ldam.dk\/index.php?rest_route=\/wp\/v2\/users\/1"}],"replies":[{"embeddable":true,"href":"http:\/\/www.stu-ulkeb\u00f8ldam.dk\/index.php?rest_route=%2Fwp%2Fv2%2Fcomments&post=19"}],"version-history":[{"count":6,"href":"http:\/\/www.stu-ulkeb\u00f8ldam.dk\/index.php?rest_route=\/wp\/v2\/pages\/19\/revisions"}],"predecessor-version":[{"id":512,"href":"http:\/\/www.stu-ulkeb\u00f8ldam.dk\/index.php?rest_route=\/wp\/v2\/pages\/19\/revisions\/512"}],"wp:attachment":[{"href":"http:\/\/www.stu-ulkeb\u00f8ldam.dk\/index.php?rest_route=%2Fwp%2Fv2%2Fmedia&parent=19"}],"curies":[{"name":"wp","href":"https:\/\/api.w.org\/{rel}","templated":true}]}}