{"id":17,"date":"2017-01-02T13:12:35","date_gmt":"2017-01-02T13:12:35","guid":{"rendered":"http:\/\/33a4b7a57288598749e1fd58451a206ece846184.web10.temporaryurl.org\/?page_id=17"},"modified":"2017-02-06T13:21:32","modified_gmt":"2017-02-06T13:21:32","slug":"om-stu","status":"publish","type":"page","link":"http:\/\/www.stu-ulkeb\u00f8ldam.dk\/?page_id=17","title":{"rendered":"Om STU"},"content":{"rendered":"<p><strong><span class=\"Apple-style-span\">Hvad er STU og h<\/span>vad siger loven?<\/strong><\/p>\n<div class=\"section\">\n<div class=\"layoutArea\">\n<div class=\"column\">\n<p>Undervisningstilbuddet er udarbejdet i henhold til &#8221;Lov om ungdomsuddannelse for unge med s\u00e6rlige behov&#8221; nr. 564 af 6. Juni og &#8221;Bekendtg\u00f8relsen om ungdomsuddannelser for unge med s\u00e6rlige behov&#8221; nr. 974 af 19. Juli 1997.<\/p>\n<p>Loven siger, at form\u00e5let med STU-uddannelsen er at give det unge menneske, der er omfattet af loven, personlige, sociale og faglige f\u00e6rdigheder, s\u00e5ledes at den unge kan leve et liv, der er s\u00e5 selvst\u00e6ndigt som muligt.<\/p>\n<p>Igennem hele uddannelsesforl\u00f8bet bliver der lagt v\u00e6gt p\u00e5 den unges individuelle behov, og de tests, der gennemf\u00f8res i afklaringsforl\u00f8bet, bliver brugt igennem hele uddannelsen for at skolen l\u00f8bende kan bed\u00f8mme den videre udvikling.<\/p>\n<\/div>\n<\/div>\n<\/div>\n ","protected":false},"excerpt":{"rendered":"<p>Hvad er STU og hvad siger loven? Undervisningstilbuddet er udarbejdet i henhold til &#8221;Lov om ungdomsuddannelse for unge med s\u00e6rlige behov&#8221; nr. 564 af 6. Juni og &#8221;Bekendtg\u00f8relsen om ungdomsuddannelser for unge med s\u00e6rlige behov&#8221; nr. 974 af 19. Juli 1997. Loven siger, at form\u00e5let med STU-uddannelsen er at give det unge menneske, der er &hellip; <a href=\"http:\/\/www.stu-ulkeb\u00f8ldam.dk\/?page_id=17\" class=\"more-link\">L\u00e6s videre <span class=\"screen-reader-text\">Om STU<\/span> <span class=\"meta-nav\">&rarr;<\/span><\/a><\/p>\n","protected":false},"author":1,"featured_media":0,"parent":0,"menu_order":0,"comment_status":"closed","ping_status":"closed","template":"","meta":[],"yoast_head":"<!-- This site is optimized with the Yoast SEO plugin v19.4 - https:\/\/yoast.com\/wordpress\/plugins\/seo\/ -->\n<title>Om STU - STU-Ulkeb\u00f8ldam<\/title>\n<meta name=\"robots\" content=\"index, follow, max-snippet:-1, max-image-preview:large, max-video-preview:-1\" \/>\n<link rel=\"canonical\" href=\"http:\/\/www.stu-ulkeb\u00f8ldam.dk\/?page_id=17\" \/>\n<meta property=\"og:locale\" content=\"da_DK\" \/>\n<meta property=\"og:type\" content=\"article\" \/>\n<meta property=\"og:title\" content=\"Om STU - STU-Ulkeb\u00f8ldam\" \/>\n<meta property=\"og:description\" content=\"Hvad er STU og hvad siger loven? Undervisningstilbuddet er udarbejdet i henhold til &#8221;Lov om ungdomsuddannelse for unge med s\u00e6rlige behov&#8221; nr. 564 af 6. Juni og &#8221;Bekendtg\u00f8relsen om ungdomsuddannelser for unge med s\u00e6rlige behov&#8221; nr. 974 af 19. Juli 1997. Loven siger, at form\u00e5let med STU-uddannelsen er at give det unge menneske, der er &hellip; L\u00e6s videre Om STU &rarr;\" \/>\n<meta property=\"og:url\" content=\"http:\/\/www.stu-ulkeb\u00f8ldam.dk\/?page_id=17\" \/>\n<meta property=\"og:site_name\" content=\"STU-Ulkeb\u00f8ldam\" \/>\n<meta property=\"article:publisher\" content=\"https:\/\/www.facebook.com\/groups\/673942635972726\/?fb_dtsg_ag=AdzoCEilAgSGtsBHsmtxuVQO3YB6z-Pa5QD7Rcccj841Qw%3aAdyhV7ar_ltBh-a1YSIPE8AWSyLJVrhmrhn91Vnn_KF1Tw\" \/>\n<meta property=\"article:modified_time\" content=\"2017-02-06T13:21:32+00:00\" \/>\n<meta name=\"twitter:card\" content=\"summary_large_image\" \/>\n<meta name=\"twitter:label1\" content=\"Estimeret l\u00e6setid\" \/>\n\t<meta name=\"twitter:data1\" content=\"1 minut\" \/>\n<script type=\"application\/ld+json\" class=\"yoast-schema-graph\">{\"@context\":\"https:\/\/schema.org\",\"@graph\":[{\"@type\":\"Organization\",\"@id\":\"http:\/\/www.stu-ulkeb\u00f8ldam.dk\/#organization\",\"name\":\"STU-Ulkeb\u00f8ldam\",\"url\":\"http:\/\/www.stu-ulkeb\u00f8ldam.dk\/\",\"sameAs\":[\"https:\/\/www.facebook.com\/groups\/673942635972726\/?fb_dtsg_ag=AdzoCEilAgSGtsBHsmtxuVQO3YB6z-Pa5QD7Rcccj841Qw:AdyhV7ar_ltBh-a1YSIPE8AWSyLJVrhmrhn91Vnn_KF1Tw\"],\"logo\":{\"@type\":\"ImageObject\",\"inLanguage\":\"da-DK\",\"@id\":\"http:\/\/www.stu-ulkeb\u00f8ldam.dk\/#\/schema\/logo\/image\/\",\"url\":\"http:\/\/www.stu-ulkeb\u00f8ldam.dk\/wp-content\/uploads\/2018\/01\/IMG_2749.jpg\",\"contentUrl\":\"http:\/\/www.stu-ulkeb\u00f8ldam.dk\/wp-content\/uploads\/2018\/01\/IMG_2749.jpg\",\"width\":4032,\"height\":3024,\"caption\":\"STU-Ulkeb\u00f8ldam\"},\"image\":{\"@id\":\"http:\/\/www.stu-ulkeb\u00f8ldam.dk\/#\/schema\/logo\/image\/\"}},{\"@type\":\"WebSite\",\"@id\":\"http:\/\/www.stu-ulkeb\u00f8ldam.dk\/#website\",\"url\":\"http:\/\/www.stu-ulkeb\u00f8ldam.dk\/\",\"name\":\"STU-Ulkeb\u00f8ldam\",\"description\":\"Unge med s\u00e6rlige behov\",\"publisher\":{\"@id\":\"http:\/\/www.stu-ulkeb\u00f8ldam.dk\/#organization\"},\"potentialAction\":[{\"@type\":\"SearchAction\",\"target\":{\"@type\":\"EntryPoint\",\"urlTemplate\":\"http:\/\/www.stu-ulkeb\u00f8ldam.dk\/?s={search_term_string}\"},\"query-input\":\"required name=search_term_string\"}],\"inLanguage\":\"da-DK\"},{\"@type\":\"WebPage\",\"@id\":\"http:\/\/www.stu-ulkeb\u00f8ldam.dk\/?page_id=17\",\"url\":\"http:\/\/www.stu-ulkeb\u00f8ldam.dk\/?page_id=17\",\"name\":\"Om STU - STU-Ulkeb\u00f8ldam\",\"isPartOf\":{\"@id\":\"http:\/\/www.stu-ulkeb\u00f8ldam.dk\/#website\"},\"datePublished\":\"2017-01-02T13:12:35+00:00\",\"dateModified\":\"2017-02-06T13:21:32+00:00\",\"breadcrumb\":{\"@id\":\"http:\/\/www.stu-ulkeb\u00f8ldam.dk\/?page_id=17#breadcrumb\"},\"inLanguage\":\"da-DK\",\"potentialAction\":[{\"@type\":\"ReadAction\",\"target\":[\"http:\/\/www.stu-ulkeb\u00f8ldam.dk\/?page_id=17\"]}]},{\"@type\":\"BreadcrumbList\",\"@id\":\"http:\/\/www.stu-ulkeb\u00f8ldam.dk\/?page_id=17#breadcrumb\",\"itemListElement\":[{\"@type\":\"ListItem\",\"position\":1,\"name\":\"Hjem\",\"item\":\"http:\/\/www.stu-ulkeb\u00f8ldam.dk\/\"},{\"@type\":\"ListItem\",\"position\":2,\"name\":\"Om STU\"}]}]}<\/script>\n<!-- \/ Yoast SEO plugin. -->","yoast_head_json":{"title":"Om STU - STU-Ulkeb\u00f8ldam","robots":{"index":"index","follow":"follow","max-snippet":"max-snippet:-1","max-image-preview":"max-image-preview:large","max-video-preview":"max-video-preview:-1"},"canonical":"http:\/\/www.stu-ulkeb\u00f8ldam.dk\/?page_id=17","og_locale":"da_DK","og_type":"article","og_title":"Om STU - STU-Ulkeb\u00f8ldam","og_description":"Hvad er STU og hvad siger loven? Undervisningstilbuddet er udarbejdet i henhold til &#8221;Lov om ungdomsuddannelse for unge med s\u00e6rlige behov&#8221; nr. 564 af 6. Juni og &#8221;Bekendtg\u00f8relsen om ungdomsuddannelser for unge med s\u00e6rlige behov&#8221; nr. 974 af 19. Juli 1997. Loven siger, at form\u00e5let med STU-uddannelsen er at give det unge menneske, der er &hellip; L\u00e6s videre Om STU &rarr;","og_url":"http:\/\/www.stu-ulkeb\u00f8ldam.dk\/?page_id=17","og_site_name":"STU-Ulkeb\u00f8ldam","article_publisher":"https:\/\/www.facebook.com\/groups\/673942635972726\/?fb_dtsg_ag=AdzoCEilAgSGtsBHsmtxuVQO3YB6z-Pa5QD7Rcccj841Qw%3aAdyhV7ar_ltBh-a1YSIPE8AWSyLJVrhmrhn91Vnn_KF1Tw","article_modified_time":"2017-02-06T13:21:32+00:00","twitter_card":"summary_large_image","twitter_misc":{"Estimeret l\u00e6setid":"1 minut"},"schema":{"@context":"https:\/\/schema.org","@graph":[{"@type":"Organization","@id":"http:\/\/www.stu-ulkeb\u00f8ldam.dk\/#organization","name":"STU-Ulkeb\u00f8ldam","url":"http:\/\/www.stu-ulkeb\u00f8ldam.dk\/","sameAs":["https:\/\/www.facebook.com\/groups\/673942635972726\/?fb_dtsg_ag=AdzoCEilAgSGtsBHsmtxuVQO3YB6z-Pa5QD7Rcccj841Qw:AdyhV7ar_ltBh-a1YSIPE8AWSyLJVrhmrhn91Vnn_KF1Tw"],"logo":{"@type":"ImageObject","inLanguage":"da-DK","@id":"http:\/\/www.stu-ulkeb\u00f8ldam.dk\/#\/schema\/logo\/image\/","url":"http:\/\/www.stu-ulkeb\u00f8ldam.dk\/wp-content\/uploads\/2018\/01\/IMG_2749.jpg","contentUrl":"http:\/\/www.stu-ulkeb\u00f8ldam.dk\/wp-content\/uploads\/2018\/01\/IMG_2749.jpg","width":4032,"height":3024,"caption":"STU-Ulkeb\u00f8ldam"},"image":{"@id":"http:\/\/www.stu-ulkeb\u00f8ldam.dk\/#\/schema\/logo\/image\/"}},{"@type":"WebSite","@id":"http:\/\/www.stu-ulkeb\u00f8ldam.dk\/#website","url":"http:\/\/www.stu-ulkeb\u00f8ldam.dk\/","name":"STU-Ulkeb\u00f8ldam","description":"Unge med s\u00e6rlige behov","publisher":{"@id":"http:\/\/www.stu-ulkeb\u00f8ldam.dk\/#organization"},"potentialAction":[{"@type":"SearchAction","target":{"@type":"EntryPoint","urlTemplate":"http:\/\/www.stu-ulkeb\u00f8ldam.dk\/?s={search_term_string}"},"query-input":"required name=search_term_string"}],"inLanguage":"da-DK"},{"@type":"WebPage","@id":"http:\/\/www.stu-ulkeb\u00f8ldam.dk\/?page_id=17","url":"http:\/\/www.stu-ulkeb\u00f8ldam.dk\/?page_id=17","name":"Om STU - STU-Ulkeb\u00f8ldam","isPartOf":{"@id":"http:\/\/www.stu-ulkeb\u00f8ldam.dk\/#website"},"datePublished":"2017-01-02T13:12:35+00:00","dateModified":"2017-02-06T13:21:32+00:00","breadcrumb":{"@id":"http:\/\/www.stu-ulkeb\u00f8ldam.dk\/?page_id=17#breadcrumb"},"inLanguage":"da-DK","potentialAction":[{"@type":"ReadAction","target":["http:\/\/www.stu-ulkeb\u00f8ldam.dk\/?page_id=17"]}]},{"@type":"BreadcrumbList","@id":"http:\/\/www.stu-ulkeb\u00f8ldam.dk\/?page_id=17#breadcrumb","itemListElement":[{"@type":"ListItem","position":1,"name":"Hjem","item":"http:\/\/www.stu-ulkeb\u00f8ldam.dk\/"},{"@type":"ListItem","position":2,"name":"Om STU"}]}]}},"_links":{"self":[{"href":"http:\/\/www.stu-ulkeb\u00f8ldam.dk\/index.php?rest_route=\/wp\/v2\/pages\/17"}],"collection":[{"href":"http:\/\/www.stu-ulkeb\u00f8ldam.dk\/index.php?rest_route=\/wp\/v2\/pages"}],"about":[{"href":"http:\/\/www.stu-ulkeb\u00f8ldam.dk\/index.php?rest_route=\/wp\/v2\/types\/page"}],"author":[{"embeddable":true,"href":"http:\/\/www.stu-ulkeb\u00f8ldam.dk\/index.php?rest_route=\/wp\/v2\/users\/1"}],"replies":[{"embeddable":true,"href":"http:\/\/www.stu-ulkeb\u00f8ldam.dk\/index.php?rest_route=%2Fwp%2Fv2%2Fcomments&post=17"}],"version-history":[{"count":2,"href":"http:\/\/www.stu-ulkeb\u00f8ldam.dk\/index.php?rest_route=\/wp\/v2\/pages\/17\/revisions"}],"predecessor-version":[{"id":159,"href":"http:\/\/www.stu-ulkeb\u00f8ldam.dk\/index.php?rest_route=\/wp\/v2\/pages\/17\/revisions\/159"}],"wp:attachment":[{"href":"http:\/\/www.stu-ulkeb\u00f8ldam.dk\/index.php?rest_route=%2Fwp%2Fv2%2Fmedia&parent=17"}],"curies":[{"name":"wp","href":"https:\/\/api.w.org\/{rel}","templated":true}]}}