{"id":15,"date":"2017-01-02T13:07:39","date_gmt":"2017-01-02T13:07:39","guid":{"rendered":"http:\/\/33a4b7a57288598749e1fd58451a206ece846184.web10.temporaryurl.org\/?page_id=15"},"modified":"2024-08-16T10:43:12","modified_gmt":"2024-08-16T10:43:12","slug":"uddannelsen","status":"publish","type":"page","link":"http:\/\/www.stu-ulkeb\u00f8ldam.dk\/?page_id=15","title":{"rendered":"Uddannelsen"},"content":{"rendered":"<p><strong>Hvordan bliver man optaget p\u00e5 STU S\u00f8nderborg?<\/strong><\/p>\n<p>For at blive elev p\u00e5 STU-Ulkeb\u00f8ldam, skal man godkendes af et visitationsudvalg, der er sammensat af kommunen.<br \/>\nAns\u00f8gningen til STU udarbejdes i samarbejde med kommunens UU-vejleder.<br \/>\nSTU er en uddannelse. Har man behov for et fritidstilbud, botilbud eller andet, skal man henvende sig til kommunen.<br \/>\nS\u00f8nderborg Kommunes STU-konsulent er Thomas Elholm mail: telh@sonderborg.dk som vil v\u00e6re behj\u00e6lpelig med sp\u00f8rgsm\u00e5l omkring optagelsesproceduren.<\/p>\n<p><strong>N\u00e5r du er optaget p\u00e5 STU-Alsgade<br \/>\n<\/strong>Inden skolestart er det muligt at komme i praktik for at se, om du kan lide skolen. N\u00e5r du er blevet optaget, inviterer vi dig til et individuelt m\u00f8de, og vi indkalder alle, der er optaget til et f\u00e6llesm\u00f8de.<\/p>\n ","protected":false},"excerpt":{"rendered":"<p>Hvordan bliver man optaget p\u00e5 STU S\u00f8nderborg? For at blive elev p\u00e5 STU-Ulkeb\u00f8ldam, skal man godkendes af et visitationsudvalg, der er sammensat af kommunen. Ans\u00f8gningen til STU udarbejdes i samarbejde med kommunens UU-vejleder. STU er en uddannelse. Har man behov for et fritidstilbud, botilbud eller andet, skal man henvende sig til kommunen. S\u00f8nderborg Kommunes STU-konsulent &hellip; <a href=\"http:\/\/www.stu-ulkeb\u00f8ldam.dk\/?page_id=15\" class=\"more-link\">L\u00e6s videre <span class=\"screen-reader-text\">Uddannelsen<\/span> <span class=\"meta-nav\">&rarr;<\/span><\/a><\/p>\n","protected":false},"author":1,"featured_media":0,"parent":0,"menu_order":0,"comment_status":"closed","ping_status":"closed","template":"","meta":[],"yoast_head":"<!-- This site is optimized with the Yoast SEO plugin v19.4 - https:\/\/yoast.com\/wordpress\/plugins\/seo\/ -->\n<title>Uddannelsen - STU-Ulkeb\u00f8ldam<\/title>\n<meta name=\"robots\" content=\"index, follow, max-snippet:-1, max-image-preview:large, max-video-preview:-1\" \/>\n<link rel=\"canonical\" href=\"http:\/\/www.stu-ulkeb\u00f8ldam.dk\/?page_id=15\" \/>\n<meta property=\"og:locale\" content=\"da_DK\" \/>\n<meta property=\"og:type\" content=\"article\" \/>\n<meta property=\"og:title\" content=\"Uddannelsen - STU-Ulkeb\u00f8ldam\" \/>\n<meta property=\"og:description\" content=\"Hvordan bliver man optaget p\u00e5 STU S\u00f8nderborg? For at blive elev p\u00e5 STU-Ulkeb\u00f8ldam, skal man godkendes af et visitationsudvalg, der er sammensat af kommunen. Ans\u00f8gningen til STU udarbejdes i samarbejde med kommunens UU-vejleder. STU er en uddannelse. Har man behov for et fritidstilbud, botilbud eller andet, skal man henvende sig til kommunen. S\u00f8nderborg Kommunes STU-konsulent &hellip; L\u00e6s videre Uddannelsen &rarr;\" \/>\n<meta property=\"og:url\" content=\"http:\/\/www.stu-ulkeb\u00f8ldam.dk\/?page_id=15\" \/>\n<meta property=\"og:site_name\" content=\"STU-Ulkeb\u00f8ldam\" \/>\n<meta property=\"article:publisher\" content=\"https:\/\/www.facebook.com\/groups\/673942635972726\/?fb_dtsg_ag=AdzoCEilAgSGtsBHsmtxuVQO3YB6z-Pa5QD7Rcccj841Qw%3aAdyhV7ar_ltBh-a1YSIPE8AWSyLJVrhmrhn91Vnn_KF1Tw\" \/>\n<meta property=\"article:modified_time\" content=\"2024-08-16T10:43:12+00:00\" \/>\n<meta name=\"twitter:card\" content=\"summary_large_image\" \/>\n<meta name=\"twitter:label1\" content=\"Estimeret l\u00e6setid\" \/>\n\t<meta name=\"twitter:data1\" content=\"1 minut\" \/>\n<script type=\"application\/ld+json\" class=\"yoast-schema-graph\">{\"@context\":\"https:\/\/schema.org\",\"@graph\":[{\"@type\":\"Organization\",\"@id\":\"http:\/\/www.stu-ulkeb\u00f8ldam.dk\/#organization\",\"name\":\"STU-Ulkeb\u00f8ldam\",\"url\":\"http:\/\/www.stu-ulkeb\u00f8ldam.dk\/\",\"sameAs\":[\"https:\/\/www.facebook.com\/groups\/673942635972726\/?fb_dtsg_ag=AdzoCEilAgSGtsBHsmtxuVQO3YB6z-Pa5QD7Rcccj841Qw:AdyhV7ar_ltBh-a1YSIPE8AWSyLJVrhmrhn91Vnn_KF1Tw\"],\"logo\":{\"@type\":\"ImageObject\",\"inLanguage\":\"da-DK\",\"@id\":\"http:\/\/www.stu-ulkeb\u00f8ldam.dk\/#\/schema\/logo\/image\/\",\"url\":\"http:\/\/www.stu-ulkeb\u00f8ldam.dk\/wp-content\/uploads\/2018\/01\/IMG_2749.jpg\",\"contentUrl\":\"http:\/\/www.stu-ulkeb\u00f8ldam.dk\/wp-content\/uploads\/2018\/01\/IMG_2749.jpg\",\"width\":4032,\"height\":3024,\"caption\":\"STU-Ulkeb\u00f8ldam\"},\"image\":{\"@id\":\"http:\/\/www.stu-ulkeb\u00f8ldam.dk\/#\/schema\/logo\/image\/\"}},{\"@type\":\"WebSite\",\"@id\":\"http:\/\/www.stu-ulkeb\u00f8ldam.dk\/#website\",\"url\":\"http:\/\/www.stu-ulkeb\u00f8ldam.dk\/\",\"name\":\"STU-Ulkeb\u00f8ldam\",\"description\":\"Unge med s\u00e6rlige behov\",\"publisher\":{\"@id\":\"http:\/\/www.stu-ulkeb\u00f8ldam.dk\/#organization\"},\"potentialAction\":[{\"@type\":\"SearchAction\",\"target\":{\"@type\":\"EntryPoint\",\"urlTemplate\":\"http:\/\/www.stu-ulkeb\u00f8ldam.dk\/?s={search_term_string}\"},\"query-input\":\"required name=search_term_string\"}],\"inLanguage\":\"da-DK\"},{\"@type\":\"WebPage\",\"@id\":\"http:\/\/www.stu-ulkeb\u00f8ldam.dk\/?page_id=15\",\"url\":\"http:\/\/www.stu-ulkeb\u00f8ldam.dk\/?page_id=15\",\"name\":\"Uddannelsen - STU-Ulkeb\u00f8ldam\",\"isPartOf\":{\"@id\":\"http:\/\/www.stu-ulkeb\u00f8ldam.dk\/#website\"},\"datePublished\":\"2017-01-02T13:07:39+00:00\",\"dateModified\":\"2024-08-16T10:43:12+00:00\",\"breadcrumb\":{\"@id\":\"http:\/\/www.stu-ulkeb\u00f8ldam.dk\/?page_id=15#breadcrumb\"},\"inLanguage\":\"da-DK\",\"potentialAction\":[{\"@type\":\"ReadAction\",\"target\":[\"http:\/\/www.stu-ulkeb\u00f8ldam.dk\/?page_id=15\"]}]},{\"@type\":\"BreadcrumbList\",\"@id\":\"http:\/\/www.stu-ulkeb\u00f8ldam.dk\/?page_id=15#breadcrumb\",\"itemListElement\":[{\"@type\":\"ListItem\",\"position\":1,\"name\":\"Hjem\",\"item\":\"http:\/\/www.stu-ulkeb\u00f8ldam.dk\/\"},{\"@type\":\"ListItem\",\"position\":2,\"name\":\"Uddannelsen\"}]}]}<\/script>\n<!-- \/ Yoast SEO plugin. -->","yoast_head_json":{"title":"Uddannelsen - STU-Ulkeb\u00f8ldam","robots":{"index":"index","follow":"follow","max-snippet":"max-snippet:-1","max-image-preview":"max-image-preview:large","max-video-preview":"max-video-preview:-1"},"canonical":"http:\/\/www.stu-ulkeb\u00f8ldam.dk\/?page_id=15","og_locale":"da_DK","og_type":"article","og_title":"Uddannelsen - STU-Ulkeb\u00f8ldam","og_description":"Hvordan bliver man optaget p\u00e5 STU S\u00f8nderborg? For at blive elev p\u00e5 STU-Ulkeb\u00f8ldam, skal man godkendes af et visitationsudvalg, der er sammensat af kommunen. Ans\u00f8gningen til STU udarbejdes i samarbejde med kommunens UU-vejleder. STU er en uddannelse. Har man behov for et fritidstilbud, botilbud eller andet, skal man henvende sig til kommunen. S\u00f8nderborg Kommunes STU-konsulent &hellip; L\u00e6s videre Uddannelsen &rarr;","og_url":"http:\/\/www.stu-ulkeb\u00f8ldam.dk\/?page_id=15","og_site_name":"STU-Ulkeb\u00f8ldam","article_publisher":"https:\/\/www.facebook.com\/groups\/673942635972726\/?fb_dtsg_ag=AdzoCEilAgSGtsBHsmtxuVQO3YB6z-Pa5QD7Rcccj841Qw%3aAdyhV7ar_ltBh-a1YSIPE8AWSyLJVrhmrhn91Vnn_KF1Tw","article_modified_time":"2024-08-16T10:43:12+00:00","twitter_card":"summary_large_image","twitter_misc":{"Estimeret l\u00e6setid":"1 minut"},"schema":{"@context":"https:\/\/schema.org","@graph":[{"@type":"Organization","@id":"http:\/\/www.stu-ulkeb\u00f8ldam.dk\/#organization","name":"STU-Ulkeb\u00f8ldam","url":"http:\/\/www.stu-ulkeb\u00f8ldam.dk\/","sameAs":["https:\/\/www.facebook.com\/groups\/673942635972726\/?fb_dtsg_ag=AdzoCEilAgSGtsBHsmtxuVQO3YB6z-Pa5QD7Rcccj841Qw:AdyhV7ar_ltBh-a1YSIPE8AWSyLJVrhmrhn91Vnn_KF1Tw"],"logo":{"@type":"ImageObject","inLanguage":"da-DK","@id":"http:\/\/www.stu-ulkeb\u00f8ldam.dk\/#\/schema\/logo\/image\/","url":"http:\/\/www.stu-ulkeb\u00f8ldam.dk\/wp-content\/uploads\/2018\/01\/IMG_2749.jpg","contentUrl":"http:\/\/www.stu-ulkeb\u00f8ldam.dk\/wp-content\/uploads\/2018\/01\/IMG_2749.jpg","width":4032,"height":3024,"caption":"STU-Ulkeb\u00f8ldam"},"image":{"@id":"http:\/\/www.stu-ulkeb\u00f8ldam.dk\/#\/schema\/logo\/image\/"}},{"@type":"WebSite","@id":"http:\/\/www.stu-ulkeb\u00f8ldam.dk\/#website","url":"http:\/\/www.stu-ulkeb\u00f8ldam.dk\/","name":"STU-Ulkeb\u00f8ldam","description":"Unge med s\u00e6rlige behov","publisher":{"@id":"http:\/\/www.stu-ulkeb\u00f8ldam.dk\/#organization"},"potentialAction":[{"@type":"SearchAction","target":{"@type":"EntryPoint","urlTemplate":"http:\/\/www.stu-ulkeb\u00f8ldam.dk\/?s={search_term_string}"},"query-input":"required name=search_term_string"}],"inLanguage":"da-DK"},{"@type":"WebPage","@id":"http:\/\/www.stu-ulkeb\u00f8ldam.dk\/?page_id=15","url":"http:\/\/www.stu-ulkeb\u00f8ldam.dk\/?page_id=15","name":"Uddannelsen - STU-Ulkeb\u00f8ldam","isPartOf":{"@id":"http:\/\/www.stu-ulkeb\u00f8ldam.dk\/#website"},"datePublished":"2017-01-02T13:07:39+00:00","dateModified":"2024-08-16T10:43:12+00:00","breadcrumb":{"@id":"http:\/\/www.stu-ulkeb\u00f8ldam.dk\/?page_id=15#breadcrumb"},"inLanguage":"da-DK","potentialAction":[{"@type":"ReadAction","target":["http:\/\/www.stu-ulkeb\u00f8ldam.dk\/?page_id=15"]}]},{"@type":"BreadcrumbList","@id":"http:\/\/www.stu-ulkeb\u00f8ldam.dk\/?page_id=15#breadcrumb","itemListElement":[{"@type":"ListItem","position":1,"name":"Hjem","item":"http:\/\/www.stu-ulkeb\u00f8ldam.dk\/"},{"@type":"ListItem","position":2,"name":"Uddannelsen"}]}]}},"_links":{"self":[{"href":"http:\/\/www.stu-ulkeb\u00f8ldam.dk\/index.php?rest_route=\/wp\/v2\/pages\/15"}],"collection":[{"href":"http:\/\/www.stu-ulkeb\u00f8ldam.dk\/index.php?rest_route=\/wp\/v2\/pages"}],"about":[{"href":"http:\/\/www.stu-ulkeb\u00f8ldam.dk\/index.php?rest_route=\/wp\/v2\/types\/page"}],"author":[{"embeddable":true,"href":"http:\/\/www.stu-ulkeb\u00f8ldam.dk\/index.php?rest_route=\/wp\/v2\/users\/1"}],"replies":[{"embeddable":true,"href":"http:\/\/www.stu-ulkeb\u00f8ldam.dk\/index.php?rest_route=%2Fwp%2Fv2%2Fcomments&post=15"}],"version-history":[{"count":4,"href":"http:\/\/www.stu-ulkeb\u00f8ldam.dk\/index.php?rest_route=\/wp\/v2\/pages\/15\/revisions"}],"predecessor-version":[{"id":1972,"href":"http:\/\/www.stu-ulkeb\u00f8ldam.dk\/index.php?rest_route=\/wp\/v2\/pages\/15\/revisions\/1972"}],"wp:attachment":[{"href":"http:\/\/www.stu-ulkeb\u00f8ldam.dk\/index.php?rest_route=%2Fwp%2Fv2%2Fmedia&parent=15"}],"curies":[{"name":"wp","href":"https:\/\/api.w.org\/{rel}","templated":true}]}}