{"id":137,"date":"2017-01-06T10:46:51","date_gmt":"2017-01-06T10:46:51","guid":{"rendered":"http:\/\/33a4b7a57288598749e1fd58451a206ece846184.web10.temporaryurl.org\/?page_id=137"},"modified":"2018-02-12T13:52:35","modified_gmt":"2018-02-12T13:52:35","slug":"vores-maal-med-stu","status":"publish","type":"page","link":"http:\/\/www.stu-ulkeb\u00f8ldam.dk\/?page_id=137","title":{"rendered":"Vores m\u00e5l med STU"},"content":{"rendered":"<p>Gennem dette uddannelsestilbud \u00f8nsker vi at v\u00e6re med til at give den unge en oplevelse af at kunne l\u00e6re, v\u00e6re og b\u00e6re de krav, der stilles til en borger i det danske samfund. Vi g\u00f8r det ved at:<\/p>\n<ul class=\"bullits\">\n<li class=\"bullits\">Fremme den unges personlige udvikling og mulighed for at deltage selvst\u00e6ndigt og aktivt i samfundslivet.<\/li>\n<li class=\"bullits\">Fremme den unges evne til at indg\u00e5 i sociale sammenh\u00e6nge og til at f\u00e5 et selvst\u00e6ndigt og aktivt fritidsliv.<\/li>\n<li class=\"bullits\">Udvikle kompetencer til brug i uddannelses- eller besk\u00e6ftigelsessituationer.<\/li>\n<li class=\"bullits\">Give arbejdserfaring og anden erfaring, der sikrer kvalifikationer, som er relevante p\u00e5 arbejdsmarkedet eller for udvikling af de personlige kompetencer.<\/li>\n<li class=\"bullits\">Give den unge erfaringer med arbejde og samarbejde, der er n\u00f8dvendigt for at opn\u00e5 en tilknytning til arbejdsmarkedet, og for at deltage aktivt i voksenlivet.<\/li>\n<li class=\"bullits\">Give indsigt i strukturen og arbejdsforholdene p\u00e5 arbejdspladsen.<\/li>\n<\/ul>\n ","protected":false},"excerpt":{"rendered":"<p>Gennem dette uddannelsestilbud \u00f8nsker vi at v\u00e6re med til at give den unge en oplevelse af at kunne l\u00e6re, v\u00e6re og b\u00e6re de krav, der stilles til en borger i det danske samfund. Vi g\u00f8r det ved at: Fremme den unges personlige udvikling og mulighed for at deltage selvst\u00e6ndigt og aktivt i samfundslivet. Fremme den &hellip; <a href=\"http:\/\/www.stu-ulkeb\u00f8ldam.dk\/?page_id=137\" class=\"more-link\">L\u00e6s videre <span class=\"screen-reader-text\">Vores m\u00e5l med STU<\/span> <span class=\"meta-nav\">&rarr;<\/span><\/a><\/p>\n","protected":false},"author":1,"featured_media":0,"parent":17,"menu_order":0,"comment_status":"closed","ping_status":"closed","template":"","meta":[],"yoast_head":"<!-- This site is optimized with the Yoast SEO plugin v19.4 - https:\/\/yoast.com\/wordpress\/plugins\/seo\/ -->\n<title>Vores m\u00e5l med STU - STU-Ulkeb\u00f8ldam<\/title>\n<meta name=\"robots\" content=\"index, follow, max-snippet:-1, max-image-preview:large, max-video-preview:-1\" \/>\n<link rel=\"canonical\" href=\"http:\/\/www.stu-ulkeb\u00f8ldam.dk\/?page_id=137\" \/>\n<meta property=\"og:locale\" content=\"da_DK\" \/>\n<meta property=\"og:type\" content=\"article\" \/>\n<meta property=\"og:title\" content=\"Vores m\u00e5l med STU - STU-Ulkeb\u00f8ldam\" \/>\n<meta property=\"og:description\" content=\"Gennem dette uddannelsestilbud \u00f8nsker vi at v\u00e6re med til at give den unge en oplevelse af at kunne l\u00e6re, v\u00e6re og b\u00e6re de krav, der stilles til en borger i det danske samfund. Vi g\u00f8r det ved at: Fremme den unges personlige udvikling og mulighed for at deltage selvst\u00e6ndigt og aktivt i samfundslivet. Fremme den &hellip; L\u00e6s videre Vores m\u00e5l med STU &rarr;\" \/>\n<meta property=\"og:url\" content=\"http:\/\/www.stu-ulkeb\u00f8ldam.dk\/?page_id=137\" \/>\n<meta property=\"og:site_name\" content=\"STU-Ulkeb\u00f8ldam\" \/>\n<meta property=\"article:publisher\" content=\"https:\/\/www.facebook.com\/groups\/673942635972726\/?fb_dtsg_ag=AdzoCEilAgSGtsBHsmtxuVQO3YB6z-Pa5QD7Rcccj841Qw%3aAdyhV7ar_ltBh-a1YSIPE8AWSyLJVrhmrhn91Vnn_KF1Tw\" \/>\n<meta property=\"article:modified_time\" content=\"2018-02-12T13:52:35+00:00\" \/>\n<meta name=\"twitter:card\" content=\"summary_large_image\" \/>\n<meta name=\"twitter:label1\" content=\"Estimeret l\u00e6setid\" \/>\n\t<meta name=\"twitter:data1\" content=\"1 minut\" \/>\n<script type=\"application\/ld+json\" class=\"yoast-schema-graph\">{\"@context\":\"https:\/\/schema.org\",\"@graph\":[{\"@type\":\"Organization\",\"@id\":\"http:\/\/www.stu-ulkeb\u00f8ldam.dk\/#organization\",\"name\":\"STU-Ulkeb\u00f8ldam\",\"url\":\"http:\/\/www.stu-ulkeb\u00f8ldam.dk\/\",\"sameAs\":[\"https:\/\/www.facebook.com\/groups\/673942635972726\/?fb_dtsg_ag=AdzoCEilAgSGtsBHsmtxuVQO3YB6z-Pa5QD7Rcccj841Qw:AdyhV7ar_ltBh-a1YSIPE8AWSyLJVrhmrhn91Vnn_KF1Tw\"],\"logo\":{\"@type\":\"ImageObject\",\"inLanguage\":\"da-DK\",\"@id\":\"http:\/\/www.stu-ulkeb\u00f8ldam.dk\/#\/schema\/logo\/image\/\",\"url\":\"http:\/\/www.stu-ulkeb\u00f8ldam.dk\/wp-content\/uploads\/2018\/01\/IMG_2749.jpg\",\"contentUrl\":\"http:\/\/www.stu-ulkeb\u00f8ldam.dk\/wp-content\/uploads\/2018\/01\/IMG_2749.jpg\",\"width\":4032,\"height\":3024,\"caption\":\"STU-Ulkeb\u00f8ldam\"},\"image\":{\"@id\":\"http:\/\/www.stu-ulkeb\u00f8ldam.dk\/#\/schema\/logo\/image\/\"}},{\"@type\":\"WebSite\",\"@id\":\"http:\/\/www.stu-ulkeb\u00f8ldam.dk\/#website\",\"url\":\"http:\/\/www.stu-ulkeb\u00f8ldam.dk\/\",\"name\":\"STU-Ulkeb\u00f8ldam\",\"description\":\"Unge med s\u00e6rlige behov\",\"publisher\":{\"@id\":\"http:\/\/www.stu-ulkeb\u00f8ldam.dk\/#organization\"},\"potentialAction\":[{\"@type\":\"SearchAction\",\"target\":{\"@type\":\"EntryPoint\",\"urlTemplate\":\"http:\/\/www.stu-ulkeb\u00f8ldam.dk\/?s={search_term_string}\"},\"query-input\":\"required name=search_term_string\"}],\"inLanguage\":\"da-DK\"},{\"@type\":\"WebPage\",\"@id\":\"http:\/\/www.stu-ulkeb\u00f8ldam.dk\/?page_id=137\",\"url\":\"http:\/\/www.stu-ulkeb\u00f8ldam.dk\/?page_id=137\",\"name\":\"Vores m\u00e5l med STU - STU-Ulkeb\u00f8ldam\",\"isPartOf\":{\"@id\":\"http:\/\/www.stu-ulkeb\u00f8ldam.dk\/#website\"},\"datePublished\":\"2017-01-06T10:46:51+00:00\",\"dateModified\":\"2018-02-12T13:52:35+00:00\",\"breadcrumb\":{\"@id\":\"http:\/\/www.stu-ulkeb\u00f8ldam.dk\/?page_id=137#breadcrumb\"},\"inLanguage\":\"da-DK\",\"potentialAction\":[{\"@type\":\"ReadAction\",\"target\":[\"http:\/\/www.stu-ulkeb\u00f8ldam.dk\/?page_id=137\"]}]},{\"@type\":\"BreadcrumbList\",\"@id\":\"http:\/\/www.stu-ulkeb\u00f8ldam.dk\/?page_id=137#breadcrumb\",\"itemListElement\":[{\"@type\":\"ListItem\",\"position\":1,\"name\":\"Hjem\",\"item\":\"http:\/\/www.stu-ulkeb\u00f8ldam.dk\/\"},{\"@type\":\"ListItem\",\"position\":2,\"name\":\"Om STU\",\"item\":\"http:\/\/www.stu-ulkeb\u00f8ldam.dk\/?page_id=17\"},{\"@type\":\"ListItem\",\"position\":3,\"name\":\"Vores m\u00e5l med STU\"}]}]}<\/script>\n<!-- \/ Yoast SEO plugin. -->","yoast_head_json":{"title":"Vores m\u00e5l med STU - STU-Ulkeb\u00f8ldam","robots":{"index":"index","follow":"follow","max-snippet":"max-snippet:-1","max-image-preview":"max-image-preview:large","max-video-preview":"max-video-preview:-1"},"canonical":"http:\/\/www.stu-ulkeb\u00f8ldam.dk\/?page_id=137","og_locale":"da_DK","og_type":"article","og_title":"Vores m\u00e5l med STU - STU-Ulkeb\u00f8ldam","og_description":"Gennem dette uddannelsestilbud \u00f8nsker vi at v\u00e6re med til at give den unge en oplevelse af at kunne l\u00e6re, v\u00e6re og b\u00e6re de krav, der stilles til en borger i det danske samfund. Vi g\u00f8r det ved at: Fremme den unges personlige udvikling og mulighed for at deltage selvst\u00e6ndigt og aktivt i samfundslivet. Fremme den &hellip; L\u00e6s videre Vores m\u00e5l med STU &rarr;","og_url":"http:\/\/www.stu-ulkeb\u00f8ldam.dk\/?page_id=137","og_site_name":"STU-Ulkeb\u00f8ldam","article_publisher":"https:\/\/www.facebook.com\/groups\/673942635972726\/?fb_dtsg_ag=AdzoCEilAgSGtsBHsmtxuVQO3YB6z-Pa5QD7Rcccj841Qw%3aAdyhV7ar_ltBh-a1YSIPE8AWSyLJVrhmrhn91Vnn_KF1Tw","article_modified_time":"2018-02-12T13:52:35+00:00","twitter_card":"summary_large_image","twitter_misc":{"Estimeret l\u00e6setid":"1 minut"},"schema":{"@context":"https:\/\/schema.org","@graph":[{"@type":"Organization","@id":"http:\/\/www.stu-ulkeb\u00f8ldam.dk\/#organization","name":"STU-Ulkeb\u00f8ldam","url":"http:\/\/www.stu-ulkeb\u00f8ldam.dk\/","sameAs":["https:\/\/www.facebook.com\/groups\/673942635972726\/?fb_dtsg_ag=AdzoCEilAgSGtsBHsmtxuVQO3YB6z-Pa5QD7Rcccj841Qw:AdyhV7ar_ltBh-a1YSIPE8AWSyLJVrhmrhn91Vnn_KF1Tw"],"logo":{"@type":"ImageObject","inLanguage":"da-DK","@id":"http:\/\/www.stu-ulkeb\u00f8ldam.dk\/#\/schema\/logo\/image\/","url":"http:\/\/www.stu-ulkeb\u00f8ldam.dk\/wp-content\/uploads\/2018\/01\/IMG_2749.jpg","contentUrl":"http:\/\/www.stu-ulkeb\u00f8ldam.dk\/wp-content\/uploads\/2018\/01\/IMG_2749.jpg","width":4032,"height":3024,"caption":"STU-Ulkeb\u00f8ldam"},"image":{"@id":"http:\/\/www.stu-ulkeb\u00f8ldam.dk\/#\/schema\/logo\/image\/"}},{"@type":"WebSite","@id":"http:\/\/www.stu-ulkeb\u00f8ldam.dk\/#website","url":"http:\/\/www.stu-ulkeb\u00f8ldam.dk\/","name":"STU-Ulkeb\u00f8ldam","description":"Unge med s\u00e6rlige behov","publisher":{"@id":"http:\/\/www.stu-ulkeb\u00f8ldam.dk\/#organization"},"potentialAction":[{"@type":"SearchAction","target":{"@type":"EntryPoint","urlTemplate":"http:\/\/www.stu-ulkeb\u00f8ldam.dk\/?s={search_term_string}"},"query-input":"required name=search_term_string"}],"inLanguage":"da-DK"},{"@type":"WebPage","@id":"http:\/\/www.stu-ulkeb\u00f8ldam.dk\/?page_id=137","url":"http:\/\/www.stu-ulkeb\u00f8ldam.dk\/?page_id=137","name":"Vores m\u00e5l med STU - STU-Ulkeb\u00f8ldam","isPartOf":{"@id":"http:\/\/www.stu-ulkeb\u00f8ldam.dk\/#website"},"datePublished":"2017-01-06T10:46:51+00:00","dateModified":"2018-02-12T13:52:35+00:00","breadcrumb":{"@id":"http:\/\/www.stu-ulkeb\u00f8ldam.dk\/?page_id=137#breadcrumb"},"inLanguage":"da-DK","potentialAction":[{"@type":"ReadAction","target":["http:\/\/www.stu-ulkeb\u00f8ldam.dk\/?page_id=137"]}]},{"@type":"BreadcrumbList","@id":"http:\/\/www.stu-ulkeb\u00f8ldam.dk\/?page_id=137#breadcrumb","itemListElement":[{"@type":"ListItem","position":1,"name":"Hjem","item":"http:\/\/www.stu-ulkeb\u00f8ldam.dk\/"},{"@type":"ListItem","position":2,"name":"Om STU","item":"http:\/\/www.stu-ulkeb\u00f8ldam.dk\/?page_id=17"},{"@type":"ListItem","position":3,"name":"Vores m\u00e5l med STU"}]}]}},"_links":{"self":[{"href":"http:\/\/www.stu-ulkeb\u00f8ldam.dk\/index.php?rest_route=\/wp\/v2\/pages\/137"}],"collection":[{"href":"http:\/\/www.stu-ulkeb\u00f8ldam.dk\/index.php?rest_route=\/wp\/v2\/pages"}],"about":[{"href":"http:\/\/www.stu-ulkeb\u00f8ldam.dk\/index.php?rest_route=\/wp\/v2\/types\/page"}],"author":[{"embeddable":true,"href":"http:\/\/www.stu-ulkeb\u00f8ldam.dk\/index.php?rest_route=\/wp\/v2\/users\/1"}],"replies":[{"embeddable":true,"href":"http:\/\/www.stu-ulkeb\u00f8ldam.dk\/index.php?rest_route=%2Fwp%2Fv2%2Fcomments&post=137"}],"version-history":[{"count":3,"href":"http:\/\/www.stu-ulkeb\u00f8ldam.dk\/index.php?rest_route=\/wp\/v2\/pages\/137\/revisions"}],"predecessor-version":[{"id":630,"href":"http:\/\/www.stu-ulkeb\u00f8ldam.dk\/index.php?rest_route=\/wp\/v2\/pages\/137\/revisions\/630"}],"up":[{"embeddable":true,"href":"http:\/\/www.stu-ulkeb\u00f8ldam.dk\/index.php?rest_route=\/wp\/v2\/pages\/17"}],"wp:attachment":[{"href":"http:\/\/www.stu-ulkeb\u00f8ldam.dk\/index.php?rest_route=%2Fwp%2Fv2%2Fmedia&parent=137"}],"curies":[{"name":"wp","href":"https:\/\/api.w.org\/{rel}","templated":true}]}}